{"id":2846,"date":"2023-03-09T10:36:30","date_gmt":"2023-03-09T09:36:30","guid":{"rendered":"https:\/\/www.intocast.de\/?page_id=2846"},"modified":"2023-04-05T14:15:40","modified_gmt":"2023-04-05T12:15:40","slug":"mineria","status":"publish","type":"page","link":"https:\/\/www.intocast.de\/es\/la-empresa\/mineria\/","title":{"rendered":"Miner\u00eda"},"content":{"rendered":"<div id=\"pl-2846\"  class=\"panel-layout\" ><div id=\"pg-2846-0\"  class=\"panel-grid panel-has-style\" ><div class=\"slider-top siteorigin-panels-stretch panel-row-style panel-row-style-for-2846-0\" data-stretch-type=\"full-stretched\" ><div id=\"pgc-2846-0-0\"  class=\"panel-grid-cell\" ><div id=\"panel-2846-0-0-0\" class=\"so-panel widget widget_sow-anything-carousel panel-first-child\" data-index=\"0\" ><div\n\t\t\t\n\t\t\tclass=\"so-widget-sow-anything-carousel so-widget-sow-anything-carousel-base-7651c3726688-2846\"\n\t\t\t\n\t\t><div class=\"sow-carousel-title\">\n\t<\/div>\n\n<div class=\"sow-carousel-container \">\n\t\t\t<div class=\"sow-carousel-navigation sow-carousel-navigation-prev \">\n\t\t\t\t\t\t<a href=\"#\" class=\"sow-carousel-previous\" title=\"Anterior\" aria-label=\"Entradas anteriores\" role=\"button\"><\/a>\n\t\t\t\t\t<\/div>\n\t\t<div class=\"sow-carousel-wrapper\"\n\t\tdata-dir=\"ltr\"\n\t\tstyle=\"opacity: 0;\"\n\t\tdata-widget=\"anything\" data-item_count=\"1\" data-loop=\"\" data-carousel_settings=\"{&quot;loop&quot;:true,&quot;dots&quot;:true,&quot;animation&quot;:&quot;ease&quot;,&quot;animation_speed&quot;:1500,&quot;autoplay&quot;:true,&quot;pauseOnHover&quot;:true,&quot;autoplaySpeed&quot;:5000,&quot;item_overflow&quot;:false,&quot;adaptive_height&quot;:false}\" data-responsive=\"{&quot;desktop_slides_to_scroll&quot;:1,&quot;tablet_landscape_breakpoint&quot;:1366,&quot;tablet_landscape_slides_to_scroll&quot;:1,&quot;tablet_portrait_breakpoint&quot;:1025,&quot;tablet_portrait_slides_to_scroll&quot;:1,&quot;mobile_breakpoint&quot;:480,&quot;mobile_slides_to_scroll&quot;:1,&quot;desktop_slides_to_show&quot;:1,&quot;tablet_landscape_slides_to_show&quot;:1,&quot;tablet_portrait_slides_to_show&quot;:1,&quot;mobile_slides_to_show&quot;:1}\" \t>\n\t\t<div\n\t\t\tclass=\"sow-carousel-items\"\n\t\t\t\t\t>\n\t\t\t\t<div class=\"sow-carousel-item\" tabindex=\"-1\">\n\t\t\n\t\t<div class=\"sow-carousel-content\">\n\t\t\t<div id=\"pl-w27a16eb3\"  class=\"panel-layout\" ><div id=\"pg-w27a16eb3-0\"  class=\"panel-grid panel-no-style\" ><div id=\"pgc-w27a16eb3-0-0\"  class=\"panel-grid-cell\" ><div id=\"panel-w27a16eb3-0-0-0\" class=\"so-panel widget widget_sow-image panel-first-child panel-last-child\" data-index=\"0\" ><div class=\"panel-widget-style panel-widget-style-for-w27a16eb3-0-0-0\" ><div\n\t\t\t\n\t\t\tclass=\"so-widget-sow-image so-widget-sow-image-default-dbf295114b96\"\n\t\t\t\n\t\t>\n<div class=\"sow-image-container\">\n\t\t<img \n\tsrc=\"https:\/\/www.intocast.de\/wp-content\/uploads\/2023\/03\/Wordpicture_We_Mine_Our_Own_Business_Desktop-1.png\" width=\"2560\" height=\"666\" srcset=\"https:\/\/www.intocast.de\/wp-content\/uploads\/2023\/03\/Wordpicture_We_Mine_Our_Own_Business_Desktop-1.png 2560w, https:\/\/www.intocast.de\/wp-content\/uploads\/2023\/03\/Wordpicture_We_Mine_Our_Own_Business_Desktop-1-300x78.png 300w, https:\/\/www.intocast.de\/wp-content\/uploads\/2023\/03\/Wordpicture_We_Mine_Our_Own_Business_Desktop-1-1024x266.png 1024w, https:\/\/www.intocast.de\/wp-content\/uploads\/2023\/03\/Wordpicture_We_Mine_Our_Own_Business_Desktop-1-768x200.png 768w, https:\/\/www.intocast.de\/wp-content\/uploads\/2023\/03\/Wordpicture_We_Mine_Our_Own_Business_Desktop-1-1536x400.png 1536w, https:\/\/www.intocast.de\/wp-content\/uploads\/2023\/03\/Wordpicture_We_Mine_Our_Own_Business_Desktop-1-2048x533.png 2048w\" sizes=\"(max-width: 2560px) 100vw, 2560px\" title=\"Wordpicture_We_Mine_Our_Own_Business_Desktop\" alt=\"\" \t\tclass=\"so-widget-image\"\/>\n\t<\/div>\n\n<\/div><\/div><\/div><\/div><\/div><\/div>\t\t<\/div>\n\t<\/div>\n\t\t\t<\/div>\n\t\t\t<\/div>\n\n\t\t\t<div class=\"sow-carousel-navigation sow-carousel-navigation-next \">\n\t\t\t\t\t\t<a href=\"#\" class=\"sow-carousel-next\" title=\"Siguiente\" aria-label=\"Entradas siguientes\" role=\"button\"><\/a>\n\t\t\t\t\t<\/div>\n\t<\/div>\n<\/div><\/div><div id=\"panel-2846-0-0-1\" class=\"so-panel widget widget_sow-anything-carousel panel-last-child\" data-index=\"1\" ><div\n\t\t\t\n\t\t\tclass=\"so-widget-sow-anything-carousel so-widget-sow-anything-carousel-base-7651c3726688-2846\"\n\t\t\t\n\t\t><div class=\"sow-carousel-title\">\n\t<\/div>\n\n<div class=\"sow-carousel-container \">\n\t\t\t<div class=\"sow-carousel-navigation sow-carousel-navigation-prev \">\n\t\t\t\t\t\t<a href=\"#\" class=\"sow-carousel-previous\" title=\"Anterior\" aria-label=\"Entradas anteriores\" role=\"button\"><\/a>\n\t\t\t\t\t<\/div>\n\t\t<div class=\"sow-carousel-wrapper\"\n\t\tdata-dir=\"ltr\"\n\t\tstyle=\"opacity: 0;\"\n\t\tdata-widget=\"anything\" data-item_count=\"1\" data-loop=\"\" data-carousel_settings=\"{&quot;loop&quot;:true,&quot;dots&quot;:false,&quot;animation&quot;:&quot;ease&quot;,&quot;animation_speed&quot;:1500,&quot;autoplay&quot;:true,&quot;pauseOnHover&quot;:true,&quot;autoplaySpeed&quot;:5000,&quot;item_overflow&quot;:false,&quot;adaptive_height&quot;:false}\" data-responsive=\"{&quot;desktop_slides_to_scroll&quot;:1,&quot;tablet_landscape_breakpoint&quot;:1366,&quot;tablet_landscape_slides_to_scroll&quot;:1,&quot;tablet_portrait_breakpoint&quot;:1025,&quot;tablet_portrait_slides_to_scroll&quot;:1,&quot;mobile_breakpoint&quot;:480,&quot;mobile_slides_to_scroll&quot;:1,&quot;desktop_slides_to_show&quot;:1,&quot;tablet_landscape_slides_to_show&quot;:1,&quot;tablet_portrait_slides_to_show&quot;:1,&quot;mobile_slides_to_show&quot;:1}\" \t>\n\t\t<div\n\t\t\tclass=\"sow-carousel-items\"\n\t\t\t\t\t>\n\t\t\t\t<div class=\"sow-carousel-item\" tabindex=\"-1\">\n\t\t\n\t\t<div class=\"sow-carousel-content\">\n\t\t\t<div id=\"pl-w2957bdc1\"  class=\"panel-layout\" ><div id=\"pg-w2957bdc1-0\"  class=\"panel-grid panel-no-style\" ><div id=\"pgc-w2957bdc1-0-0\"  class=\"panel-grid-cell\" ><div id=\"panel-w2957bdc1-0-0-0\" class=\"so-panel widget widget_sow-image panel-first-child panel-last-child\" data-index=\"0\" ><div class=\"panel-widget-style panel-widget-style-for-w2957bdc1-0-0-0\" ><div\n\t\t\t\n\t\t\tclass=\"so-widget-sow-image so-widget-sow-image-default-dbf295114b96\"\n\t\t\t\n\t\t>\n<div class=\"sow-image-container\">\n\t\t<img \n\tsrc=\"https:\/\/www.intocast.de\/wp-content\/uploads\/2023\/03\/Wordpicture_We_Mine_Our_Own_Business_mobile-1.png\" width=\"780\" height=\"600\" srcset=\"https:\/\/www.intocast.de\/wp-content\/uploads\/2023\/03\/Wordpicture_We_Mine_Our_Own_Business_mobile-1.png 780w, https:\/\/www.intocast.de\/wp-content\/uploads\/2023\/03\/Wordpicture_We_Mine_Our_Own_Business_mobile-1-300x231.png 300w, https:\/\/www.intocast.de\/wp-content\/uploads\/2023\/03\/Wordpicture_We_Mine_Our_Own_Business_mobile-1-768x591.png 768w\" sizes=\"(max-width: 780px) 100vw, 780px\" title=\"Wordpicture_We_Mine_Our_Own_Business_mobile\" alt=\"\" \t\tclass=\"so-widget-image\"\/>\n\t<\/div>\n\n<\/div><\/div><\/div><\/div><\/div><\/div>\t\t<\/div>\n\t<\/div>\n\t\t\t<\/div>\n\t\t\t<\/div>\n\n\t\t\t<div class=\"sow-carousel-navigation sow-carousel-navigation-next \">\n\t\t\t\t\t\t<a href=\"#\" class=\"sow-carousel-next\" title=\"Siguiente\" aria-label=\"Entradas siguientes\" role=\"button\"><\/a>\n\t\t\t\t\t<\/div>\n\t<\/div>\n<\/div><\/div><\/div><\/div><\/div><div id=\"pg-2846-1\"  class=\"panel-grid panel-no-style\" ><div id=\"pgc-2846-1-0\"  class=\"panel-grid-cell\" ><div id=\"panel-2846-1-0-0\" class=\"so-panel widget widget_so-premium-mirror-widget panel-first-child panel-last-child\" data-index=\"2\" ><div\n\t\t\t\n\t\t\tclass=\"so-widget-so-premium-mirror-widget so-widget-so-premium-mirror-widget-default-d75171398898-2846\"\n\t\t\t\n\t\t><div id=\"pl-w69df3c9f19cfd\"  class=\"panel-layout\" ><div id=\"pg-w69df3c9f19cfd-0\"  class=\"panel-grid panel-no-style\" ><div id=\"pgc-w69df3c9f19cfd-0-0\"  class=\"panel-grid-cell\" ><div id=\"panel-w69df3c9f19cfd-0-0-0\" class=\"widget_text so-panel widget widget_custom_html panel-first-child panel-last-child\" data-index=\"0\" ><div class=\"widget_text affix-wrapper panel-widget-style panel-widget-style-for-w69df3c9f19cfd-0-0-0\" ><div class=\"textwidget custom-html-widget\"><div id=\"affix\">\n\t<ul id=\"menu-top-menu-spanisch\" class=\"menu\"><li id=\"menu-item-2938\" class=\"menu-item menu-item-type-post_type menu-item-object-page menu-item-home menu-item-2938\"><a href=\"https:\/\/www.intocast.de\/es\/\">Home<\/a><\/li>\n<li id=\"menu-item-2939\" class=\"menu-item menu-item-type-custom menu-item-object-custom menu-item-has-children menu-item-2939\"><a href=\"#\">La empresa<\/a>\n<ul class=\"sub-menu\">\n\t<li id=\"menu-item-2940\" class=\"menu-item menu-item-type-post_type menu-item-object-page menu-item-2940\"><a href=\"https:\/\/www.intocast.de\/es\/la-empresa\/\">Resumen<\/a><\/li>\n\t<li id=\"menu-item-2941\" class=\"menu-item menu-item-type-post_type menu-item-object-page menu-item-2941\"><a href=\"https:\/\/www.intocast.de\/es\/la-empresa\/politica-mundial\/\">Pol\u00edtica mundial<\/a><\/li>\n\t<li id=\"menu-item-2942\" class=\"menu-item menu-item-type-post_type menu-item-object-page menu-item-2942\"><a href=\"https:\/\/www.intocast.de\/es\/la-empresa\/investigacion-y-desarrollo\/\">Investigaci\u00f3n y Desarrollo<\/a><\/li>\n\t<li id=\"menu-item-2943\" class=\"menu-item menu-item-type-post_type menu-item-object-page menu-item-2943\"><a href=\"https:\/\/www.intocast.de\/es\/la-empresa\/mineria\/\">Miner\u00eda<\/a><\/li>\n<\/ul>\n<\/li>\n<li id=\"menu-item-2944\" class=\"menu-item menu-item-type-custom menu-item-object-custom menu-item-has-children menu-item-2944\"><a href=\"#\">Productos y aplicaciones<\/a>\n<ul class=\"sub-menu\">\n\t<li id=\"menu-item-3110\" class=\"menu-item menu-item-type-post_type menu-item-object-page menu-item-3110\"><a href=\"https:\/\/www.intocast.de\/es\/productos-y-aplicaciones\/\">Resumen<\/a><\/li>\n\t<li id=\"menu-item-2946\" class=\"menu-item menu-item-type-post_type menu-item-object-page menu-item-has-children menu-item-2946\"><a href=\"https:\/\/www.intocast.de\/es\/productos-y-aplicaciones\/productos-refractarios\/\">Productos refractarios<\/a>\n\t<ul class=\"sub-menu\">\n\t\t<li id=\"menu-item-2947\" class=\"menu-item menu-item-type-post_type menu-item-object-page menu-item-2947\"><a href=\"https:\/\/www.intocast.de\/es\/productos-y-aplicaciones\/productos-refractarios\/acero\/\">Acero<\/a><\/li>\n\t\t<li id=\"menu-item-2948\" class=\"menu-item menu-item-type-post_type menu-item-object-page menu-item-2948\"><a href=\"https:\/\/www.intocast.de\/es\/productos-y-aplicaciones\/productos-refractarios\/tratamiento-termico\/\">Tratamiento t\u00e9rmico<\/a><\/li>\n\t\t<li id=\"menu-item-2949\" class=\"menu-item menu-item-type-post_type menu-item-object-page menu-item-2949\"><a href=\"https:\/\/www.intocast.de\/es\/productos-y-aplicaciones\/productos-refractarios\/fundicion\/\">Fundici\u00f3n<\/a><\/li>\n\t\t<li id=\"menu-item-2950\" class=\"menu-item menu-item-type-post_type menu-item-object-page menu-item-2950\"><a href=\"https:\/\/www.intocast.de\/es\/productos-y-aplicaciones\/productos-refractarios\/alto-horno-y-coqueria\/\">Alto horno y coquer\u00eda<\/a><\/li>\n\t\t<li id=\"menu-item-2951\" class=\"menu-item menu-item-type-post_type menu-item-object-page menu-item-2951\"><a href=\"https:\/\/www.intocast.de\/es\/productos-y-aplicaciones\/productos-refractarios\/cemento-cal-papel\/\">Cemento &#038; Cal, Papel<\/a><\/li>\n\t\t<li id=\"menu-item-2952\" class=\"menu-item menu-item-type-post_type menu-item-object-page menu-item-2952\"><a href=\"https:\/\/www.intocast.de\/es\/productos-y-aplicaciones\/productos-refractarios\/aluminio\/\">Aluminio<\/a><\/li>\n\t\t<li id=\"menu-item-2955\" class=\"menu-item menu-item-type-post_type menu-item-object-page menu-item-2955\"><a href=\"https:\/\/www.intocast.de\/es\/productos-y-aplicaciones\/productos-refractarios\/calderas\/\">Calderas<\/a><\/li>\n\t<\/ul>\n<\/li>\n\t<li id=\"menu-item-2972\" class=\"menu-item menu-item-type-post_type menu-item-object-page menu-item-has-children menu-item-2972\"><a href=\"https:\/\/www.intocast.de\/es\/productos-y-aplicaciones\/auxiliares-de-fundicion\/\">Auxiliares de fundici\u00f3n<\/a>\n\t<ul class=\"sub-menu\">\n\t\t<li id=\"menu-item-2980\" class=\"menu-item menu-item-type-post_type menu-item-object-page menu-item-2980\"><a href=\"https:\/\/www.intocast.de\/es\/productos-y-aplicaciones\/auxiliares-de-fundicion\/colada-continua\/\">Colada continua<\/a><\/li>\n\t\t<li id=\"menu-item-2990\" class=\"menu-item menu-item-type-post_type menu-item-object-page menu-item-2990\"><a href=\"https:\/\/www.intocast.de\/es\/productos-y-aplicaciones\/auxiliares-de-fundicion\/colada-de-lingotes\/\">Colada de lingotes<\/a><\/li>\n\t\t<li id=\"menu-item-2997\" class=\"menu-item menu-item-type-post_type menu-item-object-page menu-item-2997\"><a href=\"https:\/\/www.intocast.de\/es\/productos-y-aplicaciones\/auxiliares-de-fundicion\/aislamientos\/\">Aislamientos<\/a><\/li>\n\t\t<li id=\"menu-item-3008\" class=\"menu-item menu-item-type-post_type menu-item-object-page menu-item-3008\"><a href=\"https:\/\/www.intocast.de\/es\/productos-y-aplicaciones\/auxiliares-de-fundicion\/acondicionamiento-de-escorias\/\">Acondicionamiento de escorias<\/a><\/li>\n\t<\/ul>\n<\/li>\n\t<li id=\"menu-item-3017\" class=\"menu-item menu-item-type-post_type menu-item-object-page menu-item-3017\"><a href=\"https:\/\/www.intocast.de\/es\/productos-y-aplicaciones\/arena-de-cromita\/\">Arena de cromita<\/a><\/li>\n\t<li id=\"menu-item-3025\" class=\"menu-item menu-item-type-post_type menu-item-object-page menu-item-has-children menu-item-3025\"><a href=\"https:\/\/www.intocast.de\/es\/productos-y-aplicaciones\/tecnologia-de-aparatos\/\">Tecnolog\u00eda de aparatos<\/a>\n\t<ul class=\"sub-menu\">\n\t\t<li id=\"menu-item-3038\" class=\"menu-item menu-item-type-post_type menu-item-object-page menu-item-3038\"><a href=\"https:\/\/www.intocast.de\/es\/productos-y-aplicaciones\/tecnologia-de-aparatos\/manipuladores-bof-y-eaf\/\">Manipuladores BOF y EAF<\/a><\/li>\n\t\t<li id=\"menu-item-3049\" class=\"menu-item menu-item-type-post_type menu-item-object-page menu-item-3049\"><a href=\"https:\/\/www.intocast.de\/es\/productos-y-aplicaciones\/tecnologia-de-aparatos\/transportadores-de-granulos-y-polvo\/\">Transportadores de Gr\u00e1nulos y Polvo<\/a><\/li>\n\t\t<li id=\"menu-item-3064\" class=\"menu-item menu-item-type-post_type menu-item-object-page menu-item-3064\"><a href=\"https:\/\/www.intocast.de\/es\/productos-y-aplicaciones\/tecnologia-de-aparatos\/secadero-mapeko\/\">Secadero MAPEKO<\/a><\/li>\n\t\t<li id=\"menu-item-3055\" class=\"menu-item menu-item-type-post_type menu-item-object-page menu-item-3055\"><a href=\"https:\/\/www.intocast.de\/es\/productos-y-aplicaciones\/tecnologia-de-aparatos\/well-filler-feeder\/\">Well Filler Feeder<\/a><\/li>\n\t<\/ul>\n<\/li>\n<\/ul>\n<\/li>\n<li id=\"menu-item-4323\" class=\"menu-item menu-item-type-custom menu-item-object-custom menu-item-has-children menu-item-4323\"><a href=\"#\">Noticias<\/a>\n<ul class=\"sub-menu\">\n\t<li id=\"menu-item-3424\" class=\"menu-item menu-item-type-post_type menu-item-object-page menu-item-3424\"><a href=\"https:\/\/www.intocast.de\/es\/noticias\/\">Resumen<\/a><\/li>\n\t<li id=\"menu-item-4327\" class=\"menu-item menu-item-type-taxonomy menu-item-object-category menu-item-4327\"><a href=\"https:\/\/www.intocast.de\/es\/category\/noticias\/\">Archivo<\/a><\/li>\n<\/ul>\n<\/li>\n<li id=\"menu-item-3330\" class=\"menu-item menu-item-type-post_type menu-item-object-page menu-item-3330\"><a href=\"https:\/\/www.intocast.de\/es\/carrera\/\">Carrera<\/a><\/li>\n<li id=\"menu-item-3084\" class=\"contact menu-item menu-item-type-post_type menu-item-object-page menu-item-3084\"><a href=\"https:\/\/www.intocast.de\/es\/contacto\/\">Contacto<\/a><\/li>\n<\/ul>\n<\/div><\/div><\/div><\/div><\/div><\/div><\/div><\/div><\/div><\/div><\/div><div id=\"pg-2846-2\"  class=\"panel-grid panel-no-style\" ><div id=\"pgc-2846-2-0\"  class=\"panel-grid-cell\" ><div id=\"panel-2846-2-0-0\" class=\"so-panel widget widget_sow-editor panel-first-child panel-last-child\" data-index=\"3\" ><div\n\t\t\t\n\t\t\tclass=\"so-widget-sow-editor so-widget-sow-editor-base\"\n\t\t\t\n\t\t>\n<div class=\"siteorigin-widget-tinymce textwidget\">\n\t<p>Extraemos las materias primas para nuestros productos de alta calidad nuestras propias miner\u00edas.<\/p>\n<\/div>\n<\/div><\/div><\/div><\/div><div id=\"pg-2846-3\"  class=\"panel-grid panel-no-style\" ><div id=\"pgc-2846-3-0\"  class=\"panel-grid-cell\" ><div id=\"panel-2846-3-0-0\" class=\"so-panel widget widget_sow-editor panel-first-child panel-last-child\" data-index=\"4\" ><div\n\t\t\t\n\t\t\tclass=\"so-widget-sow-editor so-widget-sow-editor-base\"\n\t\t\t\n\t\t>\n<div class=\"siteorigin-widget-tinymce textwidget\">\n\t<h1 style=\"text-align: center;\">De la arcilla a la chamota<\/h1>\n<\/div>\n<\/div><\/div><\/div><\/div><div id=\"pg-2846-4\"  class=\"panel-grid panel-no-style\" ><div id=\"pgc-2846-4-0\"  class=\"panel-grid-cell\" ><div id=\"panel-2846-4-0-0\" class=\"so-panel widget widget_sow-editor panel-first-child panel-last-child\" data-index=\"5\" ><div\n\t\t\t\n\t\t\tclass=\"so-widget-sow-editor so-widget-sow-editor-base\"\n\t\t\t\n\t\t>\n<div class=\"siteorigin-widget-tinymce textwidget\">\n\t<p>VERREF explota la cantera de arcilla de Hammanskraal, en la zona de Pretoria - Wonderboom, Sud\u00e1frica<\/p>\n<p>La arcilla se extrae mediante miner\u00eda a cielo abierto (perforaci\u00f3n, voladura y excavaci\u00f3n) y luego se transporta a hornos de carb\u00f3n in situ para su calcinaci\u00f3n. La arcilla calcinada (chamota) est\u00e1 triturada, tamizada y envasada in situ.<\/p>\n<p>&nbsp;<\/p>\n<p><strong>Canteras y voladuras \u2013 PRODUCTOS REFRACTARIOS VEREENIGING<\/strong><\/p>\n<p>Una voladura consiste en colocar una cantidad predeterminada de explosivos que se rellena en un conjunto de agujeros de voladura en la roca. Por t\u00e9rmino medio, se perforan 116 agujeros de 102 mm de di\u00e1metro hasta una profundidad de 14 m. El conjunto de agujeros se dispara en una secuencia controlada para controlar la carga y las dimensiones de separaci\u00f3n entre agujeros adyacentes. Una sola voladura produce una media de 15 700 m<sup>3<\/sup> de roca, y se tarda entre cuatro y seis meses en transportar todo el mineral desde la cantera hasta las escombreras situadas junto a los hornos. Todos los residuos (intersticial y sobrecarga de arenisca) se devuelven a las zonas de cantera como material de relleno.<\/p>\n<p>&nbsp;<\/p>\n<p><strong>Capacido de Producci\u00f3n<\/strong><\/p>\n<p>La mina puede producir unas 22.000 toneladas de chamota y arcilla al a\u00f1o. Los productos de arcilla refractaria producidos localmente son fundamentales para muchas industrias de Sud\u00e1frica, como la siderurgia, la generaci\u00f3n de energ\u00eda, los metales no ferrosos, y la industria cer\u00e1mica, la del vidrio y la cementera.<\/p>\n<p>&nbsp;<\/p>\n<p><strong>Proceso de Producci\u00f3n<\/strong><\/p>\n<ol>\n<li>Excavaci\u00f3n tras la voladura<\/li>\n<li>Calcinaci\u00f3n en hornos durante 6 d\u00edas<\/li>\n<li>Calcinaci\u00f3n en hornos durante 6 d\u00edas<\/li>\n<\/ol>\n<\/div>\n<\/div><\/div><\/div><\/div><\/div>","protected":false},"excerpt":{"rendered":"<p>Home La empresa Resumen Pol\u00edtica mundial Investigaci\u00f3n y Desarrollo Miner\u00eda Productos y aplicaciones Resumen Productos refractarios Acero Tratamiento t\u00e9rmico Fundici\u00f3n Alto horno y coquer\u00eda Cemento &#038; Cal, Papel Aluminio Calderas Auxiliares de fundici\u00f3n Colada continua Colada de lingotes Aislamientos Acondicionamiento de escorias Arena de cromita Tecnolog\u00eda de aparatos Manipuladores BOF y EAF Transportadores de Gr\u00e1nulos &#8230;<\/p>\n","protected":false},"author":1,"featured_media":0,"parent":2746,"menu_order":0,"comment_status":"closed","ping_status":"closed","template":"","meta":{"footnotes":""},"class_list":["post-2846","page","type-page","status-publish"],"_links":{"self":[{"href":"https:\/\/www.intocast.de\/es\/wp-json\/wp\/v2\/pages\/2846","targetHints":{"allow":["GET"]}}],"collection":[{"href":"https:\/\/www.intocast.de\/es\/wp-json\/wp\/v2\/pages"}],"about":[{"href":"https:\/\/www.intocast.de\/es\/wp-json\/wp\/v2\/types\/page"}],"author":[{"embeddable":true,"href":"https:\/\/www.intocast.de\/es\/wp-json\/wp\/v2\/users\/1"}],"replies":[{"embeddable":true,"href":"https:\/\/www.intocast.de\/es\/wp-json\/wp\/v2\/comments?post=2846"}],"version-history":[{"count":17,"href":"https:\/\/www.intocast.de\/es\/wp-json\/wp\/v2\/pages\/2846\/revisions"}],"predecessor-version":[{"id":4288,"href":"https:\/\/www.intocast.de\/es\/wp-json\/wp\/v2\/pages\/2846\/revisions\/4288"}],"up":[{"embeddable":true,"href":"https:\/\/www.intocast.de\/es\/wp-json\/wp\/v2\/pages\/2746"}],"wp:attachment":[{"href":"https:\/\/www.intocast.de\/es\/wp-json\/wp\/v2\/media?parent=2846"}],"curies":[{"name":"wp","href":"https:\/\/api.w.org\/{rel}","templated":true}]}}