{"id":2959,"date":"2023-02-07T14:45:59","date_gmt":"2023-02-07T13:45:59","guid":{"rendered":"https:\/\/www.intocast.de\/agb\/"},"modified":"2024-05-07T12:28:28","modified_gmt":"2024-05-07T10:28:28","slug":"terminos-generales-condiciones","status":"publish","type":"page","link":"https:\/\/www.intocast.de\/es\/terminos-generales-condiciones\/","title":{"rendered":"T\u00e9rminos generales &#038; condiciones"},"content":{"rendered":"<div id=\"pl-2959\"  class=\"panel-layout\" ><div id=\"pg-2959-0\"  class=\"panel-grid panel-has-style\" ><div class=\"panel-row-style panel-row-style-for-2959-0\" ><div id=\"pgc-2959-0-0\"  class=\"panel-grid-cell\" ><div id=\"panel-2959-0-0-0\" class=\"so-panel widget widget_sow-editor panel-first-child panel-last-child\" data-index=\"0\" ><div\n\t\t\t\n\t\t\tclass=\"so-widget-sow-editor so-widget-sow-editor-base\"\n\t\t\t\n\t\t>\n<div class=\"siteorigin-widget-tinymce textwidget\">\n\t<h1 style=\"text-align: center;\">T\u00c9RMINOS GENERALES & CONDICIONES<\/h1>\n<\/div>\n<\/div><\/div><\/div><\/div><\/div><div id=\"pg-2959-1\"  class=\"panel-grid panel-no-style\" ><div id=\"pgc-2959-1-0\"  class=\"panel-grid-cell\" ><div id=\"panel-2959-1-0-0\" class=\"so-panel widget widget_sow-editor panel-first-child panel-last-child\" data-index=\"1\" ><div\n\t\t\t\n\t\t\tclass=\"so-widget-sow-editor so-widget-sow-editor-base\"\n\t\t\t\n\t\t>\n<div class=\"siteorigin-widget-tinymce textwidget\">\n\t<p>Los archivos en PDF adjuntos facilitar\u00e1n informaci\u00f3n sobre los t\u00e9rminos y condiciones generales de entrega, venta y compra de INTOCAST AG.<\/p>\n<\/div>\n<\/div><\/div><\/div><\/div><div id=\"pg-2959-2\"  class=\"panel-grid panel-has-style\" ><div class=\"panel-row-style panel-row-style-for-2959-2\" ><div id=\"pgc-2959-2-0\"  class=\"panel-grid-cell\" ><div id=\"panel-2959-2-0-0\" class=\"so-panel widget widget_sow-editor panel-first-child panel-last-child\" data-index=\"2\" ><div\n\t\t\t\n\t\t\tclass=\"so-widget-sow-editor so-widget-sow-editor-base\"\n\t\t\t\n\t\t>\n<div class=\"siteorigin-widget-tinymce textwidget\">\n\t<p><strong>T\u00c9RMINOS Y CONDICIONES GENERALES DE ENTREGA Y VENTA<\/strong><\/p>\n<\/div>\n<\/div><\/div><\/div><\/div><\/div><div id=\"pg-2959-3\"  class=\"panel-grid panel-no-style\" ><div id=\"pgc-2959-3-0\"  class=\"panel-grid-cell\" ><div id=\"panel-2959-3-0-0\" class=\"so-panel widget widget_sow-button panel-first-child panel-last-child\" data-index=\"3\" ><div class=\"download-button-so panel-widget-style panel-widget-style-for-2959-3-0-0\" ><div\n\t\t\t\n\t\t\tclass=\"so-widget-sow-button so-widget-sow-button-flat-d76d8be14710-2959\"\n\t\t\t\n\t\t><div class=\"ow-button-base ow-button-align-left\"\n>\n\t\t\t<a\n\t\t\t\t\thref=\"\/wp-content\/uploads\/2023\/03\/TermsAndConditions-EN-1.pdf\"\n\t\t\t\t\tclass=\"sowb-button ow-icon-placement-left ow-button-hover\" download=\"\" \t>\n\t\t<span>\n\t\t\t\n\t\t\t<b>Download<\/b><br \/>T\u00e9rminos y condiciones generales de entrega y venta (ingl\u00e9s)\t\t<\/span>\n\t\t\t<\/a>\n\t<\/div>\n<\/div><\/div><\/div><\/div><\/div><div id=\"pg-2959-4\"  class=\"panel-grid panel-no-style\" ><div id=\"pgc-2959-4-0\"  class=\"panel-grid-cell\" ><div id=\"panel-2959-4-0-0\" class=\"so-panel widget widget_sow-editor panel-first-child panel-last-child\" data-index=\"4\" ><div\n\t\t\t\n\t\t\tclass=\"so-widget-sow-editor so-widget-sow-editor-base\"\n\t\t\t\n\t\t>\n<div class=\"siteorigin-widget-tinymce textwidget\">\n\t<p><strong>CONDICIONES GENERALES DE COMPRA<\/strong><\/p>\n<\/div>\n<\/div><\/div><\/div><\/div><div id=\"pg-2959-5\"  class=\"panel-grid panel-no-style\" ><div id=\"pgc-2959-5-0\"  class=\"panel-grid-cell\" ><div id=\"panel-2959-5-0-0\" class=\"so-panel widget widget_sow-button panel-first-child panel-last-child\" data-index=\"5\" ><div class=\"download-button-so panel-widget-style panel-widget-style-for-2959-5-0-0\" ><div\n\t\t\t\n\t\t\tclass=\"so-widget-sow-button so-widget-sow-button-flat-d76d8be14710-2959\"\n\t\t\t\n\t\t><div class=\"ow-button-base ow-button-align-left\"\n>\n\t\t\t<a\n\t\t\t\t\thref=\"\/wp-content\/uploads\/2023\/03\/General-terms-of-purchasing-EN-1.pdf\"\n\t\t\t\t\tclass=\"sowb-button ow-icon-placement-left ow-button-hover\" download=\"\" \t>\n\t\t<span>\n\t\t\t\n\t\t\t<b>Download<\/b><br \/>Condiciones generales de compra (ingl\u00e9s)\t\t<\/span>\n\t\t\t<\/a>\n\t<\/div>\n<\/div><\/div><\/div><\/div><\/div><div id=\"pg-2959-6\"  class=\"panel-grid panel-no-style\" ><div id=\"pgc-2959-6-0\"  class=\"panel-grid-cell\" ><div id=\"panel-2959-6-0-0\" class=\"so-panel widget widget_sow-editor panel-first-child panel-last-child\" data-index=\"6\" ><div\n\t\t\t\n\t\t\tclass=\"so-widget-sow-editor so-widget-sow-editor-base\"\n\t\t\t\n\t\t>\n<div class=\"siteorigin-widget-tinymce textwidget\">\n\t<p style=\"font-weight: 400;\"><strong>C\u00d3DIGO DE CONDUCTA PARA PROVEEDORES INTOCAST<\/strong><\/p>\n<\/div>\n<\/div><\/div><\/div><\/div><div id=\"pg-2959-7\"  class=\"panel-grid panel-no-style\" ><div id=\"pgc-2959-7-0\"  class=\"panel-grid-cell\" ><div id=\"panel-2959-7-0-0\" class=\"so-panel widget widget_sow-button panel-first-child panel-last-child\" data-index=\"7\" ><div class=\"download-button-so panel-widget-style panel-widget-style-for-2959-7-0-0\" ><div\n\t\t\t\n\t\t\tclass=\"so-widget-sow-button so-widget-sow-button-flat-d76d8be14710-2959\"\n\t\t\t\n\t\t><div class=\"ow-button-base ow-button-align-left\"\n>\n\t\t\t<a\n\t\t\t\t\thref=\"\/wp-content\/uploads\/2024\/05\/Code_of_Conduct_for_INTOCAST_suppliers.pdf\"\n\t\t\t\t\tclass=\"sowb-button ow-icon-placement-left ow-button-hover\" download=\"\" \t>\n\t\t<span>\n\t\t\t\n\t\t\t<b>Download<\/b><br \/>C\u00f3digo de conducta para proveedores INTOCAST (ingl\u00e9s)\t\t<\/span>\n\t\t\t<\/a>\n\t<\/div>\n<\/div><\/div><\/div><\/div><\/div><\/div>","protected":false},"excerpt":{"rendered":"<p>T\u00c9RMINOS GENERALES &#038; CONDICIONES Los archivos en PDF adjuntos facilitar\u00e1n informaci\u00f3n sobre los t\u00e9rminos y condiciones generales de entrega, venta y compra de INTOCAST AG.<\/p>\n","protected":false},"author":1,"featured_media":0,"parent":0,"menu_order":0,"comment_status":"closed","ping_status":"closed","template":"","meta":{"footnotes":""},"class_list":["post-2959","page","type-page","status-publish"],"_links":{"self":[{"href":"https:\/\/www.intocast.de\/es\/wp-json\/wp\/v2\/pages\/2959","targetHints":{"allow":["GET"]}}],"collection":[{"href":"https:\/\/www.intocast.de\/es\/wp-json\/wp\/v2\/pages"}],"about":[{"href":"https:\/\/www.intocast.de\/es\/wp-json\/wp\/v2\/types\/page"}],"author":[{"embeddable":true,"href":"https:\/\/www.intocast.de\/es\/wp-json\/wp\/v2\/users\/1"}],"replies":[{"embeddable":true,"href":"https:\/\/www.intocast.de\/es\/wp-json\/wp\/v2\/comments?post=2959"}],"version-history":[{"count":19,"href":"https:\/\/www.intocast.de\/es\/wp-json\/wp\/v2\/pages\/2959\/revisions"}],"predecessor-version":[{"id":5952,"href":"https:\/\/www.intocast.de\/es\/wp-json\/wp\/v2\/pages\/2959\/revisions\/5952"}],"wp:attachment":[{"href":"https:\/\/www.intocast.de\/es\/wp-json\/wp\/v2\/media?parent=2959"}],"curies":[{"name":"wp","href":"https:\/\/api.w.org\/{rel}","templated":true}]}}