{"id":2991,"date":"2023-03-10T10:55:29","date_gmt":"2023-03-10T09:55:29","guid":{"rendered":"https:\/\/www.intocast.de\/?page_id=2991"},"modified":"2023-04-04T12:18:12","modified_gmt":"2023-04-04T10:18:12","slug":"aislamientos","status":"publish","type":"page","link":"https:\/\/www.intocast.de\/es\/productos-y-aplicaciones\/auxiliares-de-fundicion\/aislamientos\/","title":{"rendered":"Aislamientos"},"content":{"rendered":"<div id=\"pl-2991\"  class=\"panel-layout\" ><div id=\"pg-2991-0\"  class=\"panel-grid panel-has-style\" ><div class=\"slider-top siteorigin-panels-stretch panel-row-style panel-row-style-for-2991-0\" data-stretch-type=\"full-stretched\" ><div id=\"pgc-2991-0-0\"  class=\"panel-grid-cell\" ><div id=\"panel-2991-0-0-0\" class=\"so-panel widget widget_sow-anything-carousel panel-first-child\" data-index=\"0\" ><div\n\t\t\t\n\t\t\tclass=\"so-widget-sow-anything-carousel so-widget-sow-anything-carousel-base-7651c3726688-2991\"\n\t\t\t\n\t\t><div class=\"sow-carousel-title\">\n\t<\/div>\n\n<div class=\"sow-carousel-container \">\n\t\t\t<div class=\"sow-carousel-navigation sow-carousel-navigation-prev \">\n\t\t\t\t\t\t<a href=\"#\" class=\"sow-carousel-previous\" title=\"Anterior\" aria-label=\"Entradas anteriores\" role=\"button\"><\/a>\n\t\t\t\t\t<\/div>\n\t\t<div class=\"sow-carousel-wrapper\"\n\t\tdata-dir=\"ltr\"\n\t\tstyle=\"opacity: 0;\"\n\t\tdata-widget=\"anything\" data-item_count=\"1\" data-loop=\"\" data-carousel_settings=\"{&quot;loop&quot;:true,&quot;dots&quot;:true,&quot;animation&quot;:&quot;ease&quot;,&quot;animation_speed&quot;:1500,&quot;autoplay&quot;:true,&quot;pauseOnHover&quot;:true,&quot;autoplaySpeed&quot;:5000,&quot;item_overflow&quot;:false,&quot;adaptive_height&quot;:false}\" data-responsive=\"{&quot;desktop_slides_to_scroll&quot;:1,&quot;tablet_landscape_breakpoint&quot;:1366,&quot;tablet_landscape_slides_to_scroll&quot;:1,&quot;tablet_portrait_breakpoint&quot;:1025,&quot;tablet_portrait_slides_to_scroll&quot;:1,&quot;mobile_breakpoint&quot;:480,&quot;mobile_slides_to_scroll&quot;:1,&quot;desktop_slides_to_show&quot;:1,&quot;tablet_landscape_slides_to_show&quot;:1,&quot;tablet_portrait_slides_to_show&quot;:1,&quot;mobile_slides_to_show&quot;:1}\" \t>\n\t\t<div\n\t\t\tclass=\"sow-carousel-items\"\n\t\t\t\t\t>\n\t\t\t\t<div class=\"sow-carousel-item\" tabindex=\"-1\">\n\t\t\n\t\t<div class=\"sow-carousel-content\">\n\t\t\t<div id=\"pl-wa532280a\"  class=\"panel-layout\" ><div id=\"pg-wa532280a-0\"  class=\"panel-grid panel-no-style\" ><div id=\"pgc-wa532280a-0-0\"  class=\"panel-grid-cell\" ><div id=\"panel-wa532280a-0-0-0\" class=\"so-panel widget widget_sow-image panel-first-child panel-last-child\" data-index=\"0\" ><div class=\"panel-widget-style panel-widget-style-for-wa532280a-0-0-0\" ><div\n\t\t\t\n\t\t\tclass=\"so-widget-sow-image so-widget-sow-image-default-dbf295114b96\"\n\t\t\t\n\t\t>\n<div class=\"sow-image-container\">\n\t\t<img \n\tsrc=\"https:\/\/www.intocast.de\/wp-content\/uploads\/2023\/03\/Wordpicture_Find_Success_With_Rice_Husks_Desktop-1.png\" width=\"2560\" height=\"666\" srcset=\"https:\/\/www.intocast.de\/wp-content\/uploads\/2023\/03\/Wordpicture_Find_Success_With_Rice_Husks_Desktop-1.png 2560w, https:\/\/www.intocast.de\/wp-content\/uploads\/2023\/03\/Wordpicture_Find_Success_With_Rice_Husks_Desktop-1-300x78.png 300w, https:\/\/www.intocast.de\/wp-content\/uploads\/2023\/03\/Wordpicture_Find_Success_With_Rice_Husks_Desktop-1-1024x266.png 1024w, https:\/\/www.intocast.de\/wp-content\/uploads\/2023\/03\/Wordpicture_Find_Success_With_Rice_Husks_Desktop-1-768x200.png 768w, https:\/\/www.intocast.de\/wp-content\/uploads\/2023\/03\/Wordpicture_Find_Success_With_Rice_Husks_Desktop-1-1536x400.png 1536w, https:\/\/www.intocast.de\/wp-content\/uploads\/2023\/03\/Wordpicture_Find_Success_With_Rice_Husks_Desktop-1-2048x533.png 2048w\" sizes=\"(max-width: 2560px) 100vw, 2560px\" title=\"Wordpicture_Find_Success_With_Rice_Husks_Desktop\" alt=\"\" \t\tclass=\"so-widget-image\"\/>\n\t<\/div>\n\n<\/div><\/div><\/div><\/div><\/div><\/div>\t\t<\/div>\n\t<\/div>\n\t\t\t<\/div>\n\t\t\t<\/div>\n\n\t\t\t<div class=\"sow-carousel-navigation sow-carousel-navigation-next \">\n\t\t\t\t\t\t<a href=\"#\" class=\"sow-carousel-next\" title=\"Siguiente\" aria-label=\"Entradas siguientes\" role=\"button\"><\/a>\n\t\t\t\t\t<\/div>\n\t<\/div>\n<\/div><\/div><div id=\"panel-2991-0-0-1\" class=\"so-panel widget widget_sow-anything-carousel panel-last-child\" data-index=\"1\" ><div\n\t\t\t\n\t\t\tclass=\"so-widget-sow-anything-carousel so-widget-sow-anything-carousel-base-7651c3726688-2991\"\n\t\t\t\n\t\t><div class=\"sow-carousel-title\">\n\t<\/div>\n\n<div class=\"sow-carousel-container \">\n\t\t\t<div class=\"sow-carousel-navigation sow-carousel-navigation-prev \">\n\t\t\t\t\t\t<a href=\"#\" class=\"sow-carousel-previous\" title=\"Anterior\" aria-label=\"Entradas anteriores\" role=\"button\"><\/a>\n\t\t\t\t\t<\/div>\n\t\t<div class=\"sow-carousel-wrapper\"\n\t\tdata-dir=\"ltr\"\n\t\tstyle=\"opacity: 0;\"\n\t\tdata-widget=\"anything\" data-item_count=\"1\" data-loop=\"\" data-carousel_settings=\"{&quot;loop&quot;:true,&quot;dots&quot;:false,&quot;animation&quot;:&quot;ease&quot;,&quot;animation_speed&quot;:1500,&quot;autoplay&quot;:true,&quot;pauseOnHover&quot;:true,&quot;autoplaySpeed&quot;:5000,&quot;item_overflow&quot;:false,&quot;adaptive_height&quot;:false}\" data-responsive=\"{&quot;desktop_slides_to_scroll&quot;:1,&quot;tablet_landscape_breakpoint&quot;:1366,&quot;tablet_landscape_slides_to_scroll&quot;:1,&quot;tablet_portrait_breakpoint&quot;:1025,&quot;tablet_portrait_slides_to_scroll&quot;:1,&quot;mobile_breakpoint&quot;:480,&quot;mobile_slides_to_scroll&quot;:1,&quot;desktop_slides_to_show&quot;:1,&quot;tablet_landscape_slides_to_show&quot;:1,&quot;tablet_portrait_slides_to_show&quot;:1,&quot;mobile_slides_to_show&quot;:1}\" \t>\n\t\t<div\n\t\t\tclass=\"sow-carousel-items\"\n\t\t\t\t\t>\n\t\t\t\t<div class=\"sow-carousel-item\" tabindex=\"-1\">\n\t\t\n\t\t<div class=\"sow-carousel-content\">\n\t\t\t<div id=\"pl-w0660a40a\"  class=\"panel-layout\" ><div id=\"pg-w0660a40a-0\"  class=\"panel-grid panel-no-style\" ><div id=\"pgc-w0660a40a-0-0\"  class=\"panel-grid-cell\" ><div id=\"panel-w0660a40a-0-0-0\" class=\"so-panel widget widget_sow-image panel-first-child panel-last-child\" data-index=\"0\" ><div class=\"panel-widget-style panel-widget-style-for-w0660a40a-0-0-0\" ><div\n\t\t\t\n\t\t\tclass=\"so-widget-sow-image so-widget-sow-image-default-dbf295114b96\"\n\t\t\t\n\t\t>\n<div class=\"sow-image-container\">\n\t\t<img \n\tsrc=\"https:\/\/www.intocast.de\/wp-content\/uploads\/2023\/03\/Wordpicture_Find_Success_With_Rice_Husks_mobile-1.png\" width=\"780\" height=\"600\" srcset=\"https:\/\/www.intocast.de\/wp-content\/uploads\/2023\/03\/Wordpicture_Find_Success_With_Rice_Husks_mobile-1.png 780w, https:\/\/www.intocast.de\/wp-content\/uploads\/2023\/03\/Wordpicture_Find_Success_With_Rice_Husks_mobile-1-300x231.png 300w, https:\/\/www.intocast.de\/wp-content\/uploads\/2023\/03\/Wordpicture_Find_Success_With_Rice_Husks_mobile-1-768x591.png 768w\" sizes=\"(max-width: 780px) 100vw, 780px\" title=\"Wordpicture_Find_Success_With_Rice_Husks_mobile\" alt=\"\" \t\tclass=\"so-widget-image\"\/>\n\t<\/div>\n\n<\/div><\/div><\/div><\/div><\/div><\/div>\t\t<\/div>\n\t<\/div>\n\t\t\t<\/div>\n\t\t\t<\/div>\n\n\t\t\t<div class=\"sow-carousel-navigation sow-carousel-navigation-next \">\n\t\t\t\t\t\t<a href=\"#\" class=\"sow-carousel-next\" title=\"Siguiente\" aria-label=\"Entradas siguientes\" role=\"button\"><\/a>\n\t\t\t\t\t<\/div>\n\t<\/div>\n<\/div><\/div><\/div><\/div><\/div><div id=\"pg-2991-1\"  class=\"panel-grid panel-no-style\" ><div id=\"pgc-2991-1-0\"  class=\"panel-grid-cell\" ><div id=\"panel-2991-1-0-0\" class=\"so-panel widget widget_so-premium-mirror-widget panel-first-child panel-last-child\" data-index=\"2\" ><div\n\t\t\t\n\t\t\tclass=\"so-widget-so-premium-mirror-widget so-widget-so-premium-mirror-widget-default-d75171398898-2991\"\n\t\t\t\n\t\t><div id=\"pl-w6a008bd0e8a41\"  class=\"panel-layout\" ><div id=\"pg-w6a008bd0e8a41-0\"  class=\"panel-grid panel-no-style\" ><div id=\"pgc-w6a008bd0e8a41-0-0\"  class=\"panel-grid-cell\" ><div id=\"panel-w6a008bd0e8a41-0-0-0\" class=\"widget_text so-panel widget widget_custom_html panel-first-child panel-last-child\" data-index=\"0\" ><div class=\"widget_text affix-wrapper panel-widget-style panel-widget-style-for-w6a008bd0e8a41-0-0-0\" ><div class=\"textwidget custom-html-widget\"><div id=\"affix\">\n\t<ul id=\"menu-top-menu-spanisch\" class=\"menu\"><li id=\"menu-item-2938\" class=\"menu-item menu-item-type-post_type menu-item-object-page menu-item-home menu-item-2938\"><a href=\"https:\/\/www.intocast.de\/es\/\">Home<\/a><\/li>\n<li id=\"menu-item-2939\" class=\"menu-item menu-item-type-custom menu-item-object-custom menu-item-has-children menu-item-2939\"><a href=\"#\">La empresa<\/a>\n<ul class=\"sub-menu\">\n\t<li id=\"menu-item-2940\" class=\"menu-item menu-item-type-post_type menu-item-object-page menu-item-2940\"><a href=\"https:\/\/www.intocast.de\/es\/la-empresa\/\">Resumen<\/a><\/li>\n\t<li id=\"menu-item-2941\" class=\"menu-item menu-item-type-post_type menu-item-object-page menu-item-2941\"><a href=\"https:\/\/www.intocast.de\/es\/la-empresa\/politica-mundial\/\">Pol\u00edtica mundial<\/a><\/li>\n\t<li id=\"menu-item-2942\" class=\"menu-item menu-item-type-post_type menu-item-object-page menu-item-2942\"><a href=\"https:\/\/www.intocast.de\/es\/la-empresa\/investigacion-y-desarrollo\/\">Investigaci\u00f3n y Desarrollo<\/a><\/li>\n\t<li id=\"menu-item-2943\" class=\"menu-item menu-item-type-post_type menu-item-object-page menu-item-2943\"><a href=\"https:\/\/www.intocast.de\/es\/la-empresa\/mineria\/\">Miner\u00eda<\/a><\/li>\n<\/ul>\n<\/li>\n<li id=\"menu-item-2944\" class=\"menu-item menu-item-type-custom menu-item-object-custom menu-item-has-children menu-item-2944\"><a href=\"#\">Productos y aplicaciones<\/a>\n<ul class=\"sub-menu\">\n\t<li id=\"menu-item-3110\" class=\"menu-item menu-item-type-post_type menu-item-object-page menu-item-3110\"><a href=\"https:\/\/www.intocast.de\/es\/productos-y-aplicaciones\/\">Resumen<\/a><\/li>\n\t<li id=\"menu-item-2946\" class=\"menu-item menu-item-type-post_type menu-item-object-page menu-item-has-children menu-item-2946\"><a href=\"https:\/\/www.intocast.de\/es\/productos-y-aplicaciones\/productos-refractarios\/\">Productos refractarios<\/a>\n\t<ul class=\"sub-menu\">\n\t\t<li id=\"menu-item-2947\" class=\"menu-item menu-item-type-post_type menu-item-object-page menu-item-2947\"><a href=\"https:\/\/www.intocast.de\/es\/productos-y-aplicaciones\/productos-refractarios\/acero\/\">Acero<\/a><\/li>\n\t\t<li id=\"menu-item-2948\" class=\"menu-item menu-item-type-post_type menu-item-object-page menu-item-2948\"><a href=\"https:\/\/www.intocast.de\/es\/productos-y-aplicaciones\/productos-refractarios\/tratamiento-termico\/\">Tratamiento t\u00e9rmico<\/a><\/li>\n\t\t<li id=\"menu-item-2949\" class=\"menu-item menu-item-type-post_type menu-item-object-page menu-item-2949\"><a href=\"https:\/\/www.intocast.de\/es\/productos-y-aplicaciones\/productos-refractarios\/fundicion\/\">Fundici\u00f3n<\/a><\/li>\n\t\t<li id=\"menu-item-2950\" class=\"menu-item menu-item-type-post_type menu-item-object-page menu-item-2950\"><a href=\"https:\/\/www.intocast.de\/es\/productos-y-aplicaciones\/productos-refractarios\/alto-horno-y-coqueria\/\">Alto horno y coquer\u00eda<\/a><\/li>\n\t\t<li id=\"menu-item-2951\" class=\"menu-item menu-item-type-post_type menu-item-object-page menu-item-2951\"><a href=\"https:\/\/www.intocast.de\/es\/productos-y-aplicaciones\/productos-refractarios\/cemento-cal-papel\/\">Cemento &#038; Cal, Papel<\/a><\/li>\n\t\t<li id=\"menu-item-2952\" class=\"menu-item menu-item-type-post_type menu-item-object-page menu-item-2952\"><a href=\"https:\/\/www.intocast.de\/es\/productos-y-aplicaciones\/productos-refractarios\/aluminio\/\">Aluminio<\/a><\/li>\n\t\t<li id=\"menu-item-2955\" class=\"menu-item menu-item-type-post_type menu-item-object-page menu-item-2955\"><a href=\"https:\/\/www.intocast.de\/es\/productos-y-aplicaciones\/productos-refractarios\/calderas\/\">Calderas<\/a><\/li>\n\t<\/ul>\n<\/li>\n\t<li id=\"menu-item-2972\" class=\"menu-item menu-item-type-post_type menu-item-object-page menu-item-has-children menu-item-2972\"><a href=\"https:\/\/www.intocast.de\/es\/productos-y-aplicaciones\/auxiliares-de-fundicion\/\">Auxiliares de fundici\u00f3n<\/a>\n\t<ul class=\"sub-menu\">\n\t\t<li id=\"menu-item-2980\" class=\"menu-item menu-item-type-post_type menu-item-object-page menu-item-2980\"><a href=\"https:\/\/www.intocast.de\/es\/productos-y-aplicaciones\/auxiliares-de-fundicion\/colada-continua\/\">Colada continua<\/a><\/li>\n\t\t<li id=\"menu-item-2990\" class=\"menu-item menu-item-type-post_type menu-item-object-page menu-item-2990\"><a href=\"https:\/\/www.intocast.de\/es\/productos-y-aplicaciones\/auxiliares-de-fundicion\/colada-de-lingotes\/\">Colada de lingotes<\/a><\/li>\n\t\t<li id=\"menu-item-2997\" class=\"menu-item menu-item-type-post_type menu-item-object-page menu-item-2997\"><a href=\"https:\/\/www.intocast.de\/es\/productos-y-aplicaciones\/auxiliares-de-fundicion\/aislamientos\/\">Aislamientos<\/a><\/li>\n\t\t<li id=\"menu-item-3008\" class=\"menu-item menu-item-type-post_type menu-item-object-page menu-item-3008\"><a href=\"https:\/\/www.intocast.de\/es\/productos-y-aplicaciones\/auxiliares-de-fundicion\/acondicionamiento-de-escorias\/\">Acondicionamiento de escorias<\/a><\/li>\n\t<\/ul>\n<\/li>\n\t<li id=\"menu-item-3017\" class=\"menu-item menu-item-type-post_type menu-item-object-page menu-item-3017\"><a href=\"https:\/\/www.intocast.de\/es\/productos-y-aplicaciones\/arena-de-cromita\/\">Arena de cromita<\/a><\/li>\n\t<li id=\"menu-item-3025\" class=\"menu-item menu-item-type-post_type menu-item-object-page menu-item-has-children menu-item-3025\"><a href=\"https:\/\/www.intocast.de\/es\/productos-y-aplicaciones\/tecnologia-de-aparatos\/\">Tecnolog\u00eda de aparatos<\/a>\n\t<ul class=\"sub-menu\">\n\t\t<li id=\"menu-item-3038\" class=\"menu-item menu-item-type-post_type menu-item-object-page menu-item-3038\"><a href=\"https:\/\/www.intocast.de\/es\/productos-y-aplicaciones\/tecnologia-de-aparatos\/manipuladores-bof-y-eaf\/\">Manipuladores BOF y EAF<\/a><\/li>\n\t\t<li id=\"menu-item-3049\" class=\"menu-item menu-item-type-post_type menu-item-object-page menu-item-3049\"><a href=\"https:\/\/www.intocast.de\/es\/productos-y-aplicaciones\/tecnologia-de-aparatos\/transportadores-de-granulos-y-polvo\/\">Transportadores de Gr\u00e1nulos y Polvo<\/a><\/li>\n\t\t<li id=\"menu-item-3064\" class=\"menu-item menu-item-type-post_type menu-item-object-page menu-item-3064\"><a href=\"https:\/\/www.intocast.de\/es\/productos-y-aplicaciones\/tecnologia-de-aparatos\/secadero-mapeko\/\">Secadero MAPEKO<\/a><\/li>\n\t\t<li id=\"menu-item-3055\" class=\"menu-item menu-item-type-post_type menu-item-object-page menu-item-3055\"><a href=\"https:\/\/www.intocast.de\/es\/productos-y-aplicaciones\/tecnologia-de-aparatos\/well-filler-feeder\/\">Well Filler Feeder<\/a><\/li>\n\t<\/ul>\n<\/li>\n<\/ul>\n<\/li>\n<li id=\"menu-item-4323\" class=\"menu-item menu-item-type-custom menu-item-object-custom menu-item-has-children menu-item-4323\"><a href=\"#\">Noticias<\/a>\n<ul class=\"sub-menu\">\n\t<li id=\"menu-item-3424\" class=\"menu-item menu-item-type-post_type menu-item-object-page menu-item-3424\"><a href=\"https:\/\/www.intocast.de\/es\/noticias\/\">Resumen<\/a><\/li>\n\t<li id=\"menu-item-4327\" class=\"menu-item menu-item-type-taxonomy menu-item-object-category menu-item-4327\"><a href=\"https:\/\/www.intocast.de\/es\/category\/noticias\/\">Archivo<\/a><\/li>\n<\/ul>\n<\/li>\n<li id=\"menu-item-3330\" class=\"menu-item menu-item-type-post_type menu-item-object-page menu-item-3330\"><a href=\"https:\/\/www.intocast.de\/es\/carrera\/\">Carrera<\/a><\/li>\n<li id=\"menu-item-3084\" class=\"contact menu-item menu-item-type-post_type menu-item-object-page menu-item-3084\"><a href=\"https:\/\/www.intocast.de\/es\/contacto\/\">Contacto<\/a><\/li>\n<\/ul>\n<\/div><\/div><\/div><\/div><\/div><\/div><\/div><\/div><\/div><\/div><\/div><div id=\"pg-2991-2\"  class=\"panel-grid panel-no-style\" ><div id=\"pgc-2991-2-0\"  class=\"panel-grid-cell\" ><div id=\"panel-2991-2-0-0\" class=\"so-panel widget widget_sow-editor panel-first-child panel-last-child\" data-index=\"3\" ><div\n\t\t\t\n\t\t\tclass=\"so-widget-sow-editor so-widget-sow-editor-base\"\n\t\t\t\n\t\t>\n<div class=\"siteorigin-widget-tinymce textwidget\">\n\t<h1 style=\"text-align: center;\">Aislamientos que cubren todas las necesidades del cliente<\/h1>\n<\/div>\n<\/div><\/div><\/div><\/div><div id=\"pg-2991-3\"  class=\"panel-grid panel-no-style\" ><div id=\"pgc-2991-3-0\"  class=\"panel-grid-cell\" ><div id=\"panel-2991-3-0-0\" class=\"so-panel widget widget_sow-editor panel-first-child panel-last-child\" data-index=\"4\" ><div\n\t\t\t\n\t\t\tclass=\"so-widget-sow-editor so-widget-sow-editor-base\"\n\t\t\t\n\t\t>\n<div class=\"siteorigin-widget-tinymce textwidget\">\n\t<p>Por aislamientos nos referimos a los compuestos de recubrimiento de cucharas y artesas, capas pasivas de formadores de escoria de alto punto de fusi\u00f3n. Un sector en el que INTOCAST ofrece numerosas soluciones personalizadas. Adem\u00e1s de productos aislantes \u00e1cidos, INTOCAST tambi\u00e9n suministra compuestos b\u00e1sicos con la opci\u00f3n de producir gr\u00e1nulos secados por pulverizaci\u00f3n en sus propias instalaciones. La elecci\u00f3n de un producto \u00e1cido o b\u00e1sico depende no s\u00f3lo de consideraciones econ\u00f3micas, sino tambi\u00e9n de factores como las especificaciones de calidad para la producci\u00f3n de acero, la compatibilidad del aislamiento con el revestimiento refractario y el grado de protecci\u00f3n del acero l\u00edquido frente a influencias externas.<\/p>\n<p>INTOCAST ofrece los compuestos de recubrimiento b\u00e1sico del grupo de productos BASOTHERM en gr\u00e1nulos y en polvo. El polvo, que es m\u00e1s barato, es un producto totalmente sint\u00e9tico a base de CaO\/MgO que es adecuado tanto para la cuchara como para el distribuidor. Los gr\u00e1nulos m\u00e1s sofisticados con un 90 % de MgO, que se utilizan sobre todo en el distribuidor, tienen un contenido de silicatos especialmente bajo y se caracterizan por un mayor aislamiento y m\u00e1s fluidez.<\/p>\n<p>La ceniza de c\u00e1scara de arroz se utiliza en la gama \u00e1cida para aplicaciones en cucharas y artesas. Este material aislante, fabricado a partir de materias primas naturales, es obtenido por INTOCAST de diferentes producciones de todo el mundo. El producto de s\u00edlice biog\u00e9nica denominado TAM est\u00e1 disponible en forma de polvo, mientras que las variantes sin polvo tambi\u00e9n se ofrecen como productos granulados o peletizados. Debido a su bajo contenido en carbono, la ceniza de c\u00e1scara de arroz INTOCAST tambi\u00e9n es adecuada para tipos de acero que no permiten la carburaci\u00f3n bajo ninguna circunstancia.<\/p>\n<p>Nuestros expertos desarrollan soluciones innovadoras para casos especiales complejos, por ejemplo, cuando hay que realizar trabajos metal\u00fargicos activos bajo un aislamiento pasivo del distribuidor. En un concepto multicapa, la ceniza de c\u00e1scara de arroz se extiende sobre una capa de acondicionadores sint\u00e9ticos de escoria de INTOCAST. En la superficie de contacto del metal l\u00edquido y la escoria activa se abre una \u00faltima oportunidad para absorber las impurezas del acero.<\/p>\n<\/div>\n<\/div><\/div><\/div><\/div><div id=\"pg-2991-4\"  class=\"panel-grid panel-no-style\" ><div id=\"pgc-2991-4-0\"  class=\"panel-grid-cell\" ><div id=\"panel-2991-4-0-0\" class=\"so-panel widget widget_sow-image panel-first-child panel-last-child\" data-index=\"5\" ><div\n\t\t\t\n\t\t\tclass=\"so-widget-sow-image so-widget-sow-image-default-b062fe5d1106-2991\"\n\t\t\t\n\t\t>\n<div class=\"sow-image-container\">\n\t\t<img \n\tsrc=\"https:\/\/www.intocast.de\/wp-content\/uploads\/2023\/03\/into-products-casting-auxiliaries-insolation-01.png\" width=\"966\" height=\"600\" srcset=\"https:\/\/www.intocast.de\/wp-content\/uploads\/2023\/03\/into-products-casting-auxiliaries-insolation-01.png 966w, https:\/\/www.intocast.de\/wp-content\/uploads\/2023\/03\/into-products-casting-auxiliaries-insolation-01-300x186.png 300w, https:\/\/www.intocast.de\/wp-content\/uploads\/2023\/03\/into-products-casting-auxiliaries-insolation-01-768x477.png 768w\" sizes=\"(max-width: 966px) 100vw, 966px\" title=\" \" alt=\"\" \t\tclass=\"so-widget-image\"\/>\n\t<\/div>\n\n<p class=\"widget-title\"> <\/p><\/div><\/div><\/div><div id=\"pgc-2991-4-1\"  class=\"panel-grid-cell\" ><div id=\"panel-2991-4-1-0\" class=\"so-panel widget widget_sow-image panel-first-child panel-last-child\" data-index=\"6\" ><div\n\t\t\t\n\t\t\tclass=\"so-widget-sow-image so-widget-sow-image-default-b062fe5d1106-2991\"\n\t\t\t\n\t\t>\n<div class=\"sow-image-container\">\n\t\t<img \n\tsrc=\"https:\/\/www.intocast.de\/wp-content\/uploads\/2023\/03\/into-products-casting-auxiliaries-insolation-02.png\" width=\"966\" height=\"600\" srcset=\"https:\/\/www.intocast.de\/wp-content\/uploads\/2023\/03\/into-products-casting-auxiliaries-insolation-02.png 966w, https:\/\/www.intocast.de\/wp-content\/uploads\/2023\/03\/into-products-casting-auxiliaries-insolation-02-300x186.png 300w, https:\/\/www.intocast.de\/wp-content\/uploads\/2023\/03\/into-products-casting-auxiliaries-insolation-02-768x477.png 768w\" sizes=\"(max-width: 966px) 100vw, 966px\" title=\" \" alt=\"\" \t\tclass=\"so-widget-image\"\/>\n\t<\/div>\n\n<p class=\"widget-title\"> <\/p><\/div><\/div><\/div><\/div><div id=\"pg-2991-5\"  class=\"panel-grid panel-no-style\" ><div id=\"pgc-2991-5-0\"  class=\"panel-grid-cell\" ><div id=\"panel-2991-5-0-0\" class=\"so-panel widget widget_sow-editor panel-first-child panel-last-child\" data-index=\"7\" ><div\n\t\t\t\n\t\t\tclass=\"so-widget-sow-editor so-widget-sow-editor-base\"\n\t\t\t\n\t\t>\n<div class=\"siteorigin-widget-tinymce textwidget\">\n\t<h2 style=\"text-align: center;\">Nuestros compuestos de recubrimiento<\/h2>\n<\/div>\n<\/div><\/div><\/div><\/div><div id=\"pg-2991-6\"  class=\"panel-grid panel-no-style\" ><div id=\"pgc-2991-6-0\"  class=\"panel-grid-cell\" ><div id=\"panel-2991-6-0-0\" class=\"so-panel widget widget_sow-editor panel-first-child panel-last-child\" data-index=\"8\" ><div\n\t\t\t\n\t\t\tclass=\"so-widget-sow-editor so-widget-sow-editor-base\"\n\t\t\t\n\t\t>\n<div class=\"siteorigin-widget-tinymce textwidget\">\n\t<ul>\n<li>BASOTHERM: Compuestos b\u00e1sicos y aislantes para distribuidores y cucharas<\/li>\n<li>BASOTHERM SG: Compuestos granulados y b\u00e1sicos para distribuidores y cucharas<\/li>\n<li>TAM: Compuestos \u00e1cidos y aislantes para distribuidores y cucharas a base de ceniza de c\u00e1scara de arroz<\/li>\n<li>ISOPERL, TAM SGL: Compuestos granulados y \u00e1cidos para distribuidores y cucharas<\/li>\n<li>TAM Pellet: Ceniza de c\u00e1scara de arroz peletizada<\/li>\n<\/ul>\n<\/div>\n<\/div><\/div><\/div><\/div><\/div>","protected":false},"excerpt":{"rendered":"<p>Home La empresa Resumen Pol\u00edtica mundial Investigaci\u00f3n y Desarrollo Miner\u00eda Productos y aplicaciones Resumen Productos refractarios Acero Tratamiento t\u00e9rmico Fundici\u00f3n Alto horno y coquer\u00eda Cemento &#038; Cal, Papel Aluminio Calderas Auxiliares de fundici\u00f3n Colada continua Colada de lingotes Aislamientos Acondicionamiento de escorias Arena de cromita Tecnolog\u00eda de aparatos Manipuladores BOF y EAF Transportadores de Gr\u00e1nulos &#8230;<\/p>\n","protected":false},"author":1,"featured_media":0,"parent":2966,"menu_order":0,"comment_status":"closed","ping_status":"closed","template":"","meta":{"footnotes":""},"class_list":["post-2991","page","type-page","status-publish"],"_links":{"self":[{"href":"https:\/\/www.intocast.de\/es\/wp-json\/wp\/v2\/pages\/2991","targetHints":{"allow":["GET"]}}],"collection":[{"href":"https:\/\/www.intocast.de\/es\/wp-json\/wp\/v2\/pages"}],"about":[{"href":"https:\/\/www.intocast.de\/es\/wp-json\/wp\/v2\/types\/page"}],"author":[{"embeddable":true,"href":"https:\/\/www.intocast.de\/es\/wp-json\/wp\/v2\/users\/1"}],"replies":[{"embeddable":true,"href":"https:\/\/www.intocast.de\/es\/wp-json\/wp\/v2\/comments?post=2991"}],"version-history":[{"count":18,"href":"https:\/\/www.intocast.de\/es\/wp-json\/wp\/v2\/pages\/2991\/revisions"}],"predecessor-version":[{"id":4063,"href":"https:\/\/www.intocast.de\/es\/wp-json\/wp\/v2\/pages\/2991\/revisions\/4063"}],"up":[{"embeddable":true,"href":"https:\/\/www.intocast.de\/es\/wp-json\/wp\/v2\/pages\/2966"}],"wp:attachment":[{"href":"https:\/\/www.intocast.de\/es\/wp-json\/wp\/v2\/media?parent=2991"}],"curies":[{"name":"wp","href":"https:\/\/api.w.org\/{rel}","templated":true}]}}