{"id":3034,"date":"2023-03-10T10:57:19","date_gmt":"2023-03-10T09:57:19","guid":{"rendered":"https:\/\/www.intocast.de\/?page_id=3034"},"modified":"2025-11-25T11:57:53","modified_gmt":"2025-11-25T10:57:53","slug":"manipuladores-bof-y-eaf","status":"publish","type":"page","link":"https:\/\/www.intocast.de\/es\/productos-y-aplicaciones\/tecnologia-de-aparatos\/manipuladores-bof-y-eaf\/","title":{"rendered":"Manipuladores BOF y EAF"},"content":{"rendered":"<div id=\"pl-3034\"  class=\"panel-layout\" ><div id=\"pg-3034-0\"  class=\"panel-grid panel-has-style\" ><div class=\"slider-top siteorigin-panels-stretch panel-row-style panel-row-style-for-3034-0\" data-stretch-type=\"full-width-stretch\" ><div id=\"pgc-3034-0-0\"  class=\"panel-grid-cell\" ><div id=\"panel-3034-0-0-0\" class=\"so-panel widget widget_sow-anything-carousel panel-first-child\" data-index=\"0\" ><div\n\t\t\t\n\t\t\tclass=\"so-widget-sow-anything-carousel so-widget-sow-anything-carousel-base-7651c3726688-3034\"\n\t\t\t\n\t\t><div class=\"sow-carousel-title\">\n\t<\/div>\n\n<div class=\"sow-carousel-container \">\n\t\t\t<div class=\"sow-carousel-navigation sow-carousel-navigation-prev \">\n\t\t\t\t\t\t<a href=\"#\" class=\"sow-carousel-previous\" title=\"Anterior\" aria-label=\"Entradas anteriores\" role=\"button\"><\/a>\n\t\t\t\t\t<\/div>\n\t\t<div class=\"sow-carousel-wrapper\"\n\t\tdata-dir=\"ltr\"\n\t\tstyle=\"opacity: 0;\"\n\t\tdata-widget=\"anything\" data-item_count=\"1\" data-loop=\"\" data-carousel_settings=\"{&quot;loop&quot;:true,&quot;dots&quot;:true,&quot;animation&quot;:&quot;ease&quot;,&quot;animation_speed&quot;:1500,&quot;autoplay&quot;:true,&quot;pauseOnHover&quot;:true,&quot;autoplaySpeed&quot;:5000,&quot;item_overflow&quot;:false,&quot;adaptive_height&quot;:false}\" data-responsive=\"{&quot;desktop_slides_to_scroll&quot;:1,&quot;tablet_landscape_breakpoint&quot;:1366,&quot;tablet_landscape_slides_to_scroll&quot;:1,&quot;tablet_portrait_breakpoint&quot;:1025,&quot;tablet_portrait_slides_to_scroll&quot;:1,&quot;mobile_breakpoint&quot;:480,&quot;mobile_slides_to_scroll&quot;:1,&quot;desktop_slides_to_show&quot;:1,&quot;tablet_landscape_slides_to_show&quot;:1,&quot;tablet_portrait_slides_to_show&quot;:1,&quot;mobile_slides_to_show&quot;:1}\" \t>\n\t\t<div\n\t\t\tclass=\"sow-carousel-items\"\n\t\t\t\t\t>\n\t\t\t\t<div class=\"sow-carousel-item\" tabindex=\"-1\">\n\t\t\n\t\t<div class=\"sow-carousel-content\">\n\t\t\t<div id=\"pl-w33a67e05\"  class=\"panel-layout\" ><div id=\"pg-w33a67e05-0\"  class=\"panel-grid panel-no-style\" ><div id=\"pgc-w33a67e05-0-0\"  class=\"panel-grid-cell\" ><div id=\"panel-w33a67e05-0-0-0\" class=\"so-panel widget widget_sow-image panel-first-child panel-last-child\" data-index=\"0\" ><div class=\"panel-widget-style panel-widget-style-for-w33a67e05-0-0-0\" ><div\n\t\t\t\n\t\t\tclass=\"so-widget-sow-image so-widget-sow-image-default-dbf295114b96\"\n\t\t\t\n\t\t>\n<div class=\"sow-image-container\">\n\t\t<img \n\tsrc=\"https:\/\/www.intocast.de\/wp-content\/uploads\/2023\/03\/Wordpicture_Our_Sytems_Tailored_To_Perfection_Desktop-1.png\" width=\"2560\" height=\"666\" srcset=\"https:\/\/www.intocast.de\/wp-content\/uploads\/2023\/03\/Wordpicture_Our_Sytems_Tailored_To_Perfection_Desktop-1.png 2560w, https:\/\/www.intocast.de\/wp-content\/uploads\/2023\/03\/Wordpicture_Our_Sytems_Tailored_To_Perfection_Desktop-1-300x78.png 300w, https:\/\/www.intocast.de\/wp-content\/uploads\/2023\/03\/Wordpicture_Our_Sytems_Tailored_To_Perfection_Desktop-1-1024x266.png 1024w, https:\/\/www.intocast.de\/wp-content\/uploads\/2023\/03\/Wordpicture_Our_Sytems_Tailored_To_Perfection_Desktop-1-768x200.png 768w, https:\/\/www.intocast.de\/wp-content\/uploads\/2023\/03\/Wordpicture_Our_Sytems_Tailored_To_Perfection_Desktop-1-1536x400.png 1536w, https:\/\/www.intocast.de\/wp-content\/uploads\/2023\/03\/Wordpicture_Our_Sytems_Tailored_To_Perfection_Desktop-1-2048x533.png 2048w\" sizes=\"(max-width: 2560px) 100vw, 2560px\" title=\"Wordpicture_Our_Sytems_Tailored_To_Perfection_Desktop\" alt=\"\" \t\tclass=\"so-widget-image\"\/>\n\t<\/div>\n\n<\/div><\/div><\/div><\/div><\/div><\/div>\t\t<\/div>\n\t<\/div>\n\t\t\t<\/div>\n\t\t\t<\/div>\n\n\t\t\t<div class=\"sow-carousel-navigation sow-carousel-navigation-next \">\n\t\t\t\t\t\t<a href=\"#\" class=\"sow-carousel-next\" title=\"Siguiente\" aria-label=\"Entradas siguientes\" role=\"button\"><\/a>\n\t\t\t\t\t<\/div>\n\t<\/div>\n<\/div><\/div><div id=\"panel-3034-0-0-1\" class=\"so-panel widget widget_sow-anything-carousel panel-last-child\" data-index=\"1\" ><div\n\t\t\t\n\t\t\tclass=\"so-widget-sow-anything-carousel so-widget-sow-anything-carousel-base-7651c3726688-3034\"\n\t\t\t\n\t\t><div class=\"sow-carousel-title\">\n\t<\/div>\n\n<div class=\"sow-carousel-container \">\n\t\t\t<div class=\"sow-carousel-navigation sow-carousel-navigation-prev \">\n\t\t\t\t\t\t<a href=\"#\" class=\"sow-carousel-previous\" title=\"Anterior\" aria-label=\"Entradas anteriores\" role=\"button\"><\/a>\n\t\t\t\t\t<\/div>\n\t\t<div class=\"sow-carousel-wrapper\"\n\t\tdata-dir=\"ltr\"\n\t\tstyle=\"opacity: 0;\"\n\t\tdata-widget=\"anything\" data-item_count=\"1\" data-loop=\"\" data-carousel_settings=\"{&quot;loop&quot;:true,&quot;dots&quot;:false,&quot;animation&quot;:&quot;ease&quot;,&quot;animation_speed&quot;:1500,&quot;autoplay&quot;:true,&quot;pauseOnHover&quot;:true,&quot;autoplaySpeed&quot;:5000,&quot;item_overflow&quot;:false,&quot;adaptive_height&quot;:false}\" data-responsive=\"{&quot;desktop_slides_to_scroll&quot;:1,&quot;tablet_landscape_breakpoint&quot;:1366,&quot;tablet_landscape_slides_to_scroll&quot;:1,&quot;tablet_portrait_breakpoint&quot;:1025,&quot;tablet_portrait_slides_to_scroll&quot;:1,&quot;mobile_breakpoint&quot;:480,&quot;mobile_slides_to_scroll&quot;:1,&quot;desktop_slides_to_show&quot;:1,&quot;tablet_landscape_slides_to_show&quot;:1,&quot;tablet_portrait_slides_to_show&quot;:1,&quot;mobile_slides_to_show&quot;:1}\" \t>\n\t\t<div\n\t\t\tclass=\"sow-carousel-items\"\n\t\t\t\t\t>\n\t\t\t\t<div class=\"sow-carousel-item\" tabindex=\"-1\">\n\t\t\n\t\t<div class=\"sow-carousel-content\">\n\t\t\t<div id=\"pl-w38a1087c\"  class=\"panel-layout\" ><div id=\"pg-w38a1087c-0\"  class=\"panel-grid panel-no-style\" ><div id=\"pgc-w38a1087c-0-0\"  class=\"panel-grid-cell\" ><div id=\"panel-w38a1087c-0-0-0\" class=\"so-panel widget widget_sow-image panel-first-child panel-last-child\" data-index=\"0\" ><div class=\"panel-widget-style panel-widget-style-for-w38a1087c-0-0-0\" ><div\n\t\t\t\n\t\t\tclass=\"so-widget-sow-image so-widget-sow-image-default-dbf295114b96\"\n\t\t\t\n\t\t>\n<div class=\"sow-image-container\">\n\t\t<img \n\tsrc=\"https:\/\/www.intocast.de\/wp-content\/uploads\/2023\/03\/Wordpicture_Our_Sytems_Tailored_To_Perfection_mobile-1.png\" width=\"780\" height=\"600\" srcset=\"https:\/\/www.intocast.de\/wp-content\/uploads\/2023\/03\/Wordpicture_Our_Sytems_Tailored_To_Perfection_mobile-1.png 780w, https:\/\/www.intocast.de\/wp-content\/uploads\/2023\/03\/Wordpicture_Our_Sytems_Tailored_To_Perfection_mobile-1-300x231.png 300w, https:\/\/www.intocast.de\/wp-content\/uploads\/2023\/03\/Wordpicture_Our_Sytems_Tailored_To_Perfection_mobile-1-768x591.png 768w\" sizes=\"(max-width: 780px) 100vw, 780px\" title=\"Wordpicture_Our_Sytems_Tailored_To_Perfection_mobile\" alt=\"\" \t\tclass=\"so-widget-image\"\/>\n\t<\/div>\n\n<\/div><\/div><\/div><\/div><\/div><\/div>\t\t<\/div>\n\t<\/div>\n\t\t\t<\/div>\n\t\t\t<\/div>\n\n\t\t\t<div class=\"sow-carousel-navigation sow-carousel-navigation-next \">\n\t\t\t\t\t\t<a href=\"#\" class=\"sow-carousel-next\" title=\"Siguiente\" aria-label=\"Entradas siguientes\" role=\"button\"><\/a>\n\t\t\t\t\t<\/div>\n\t<\/div>\n<\/div><\/div><\/div><\/div><\/div><div id=\"pg-3034-1\"  class=\"panel-grid panel-no-style\" ><div id=\"pgc-3034-1-0\"  class=\"panel-grid-cell\" ><div id=\"panel-3034-1-0-0\" class=\"so-panel widget widget_so-premium-mirror-widget panel-first-child panel-last-child\" data-index=\"2\" ><div\n\t\t\t\n\t\t\tclass=\"so-widget-so-premium-mirror-widget so-widget-so-premium-mirror-widget-default-d75171398898-3034\"\n\t\t\t\n\t\t><div id=\"pl-w69f378866a454\"  class=\"panel-layout\" ><div id=\"pg-w69f378866a454-0\"  class=\"panel-grid panel-no-style\" ><div id=\"pgc-w69f378866a454-0-0\"  class=\"panel-grid-cell\" ><div id=\"panel-w69f378866a454-0-0-0\" class=\"widget_text so-panel widget widget_custom_html panel-first-child panel-last-child\" data-index=\"0\" ><div class=\"widget_text affix-wrapper panel-widget-style panel-widget-style-for-w69f378866a454-0-0-0\" ><div class=\"textwidget custom-html-widget\"><div id=\"affix\">\n\t<ul id=\"menu-top-menu-spanisch\" class=\"menu\"><li id=\"menu-item-2938\" class=\"menu-item menu-item-type-post_type menu-item-object-page menu-item-home menu-item-2938\"><a href=\"https:\/\/www.intocast.de\/es\/\">Home<\/a><\/li>\n<li id=\"menu-item-2939\" class=\"menu-item menu-item-type-custom menu-item-object-custom menu-item-has-children menu-item-2939\"><a href=\"#\">La empresa<\/a>\n<ul class=\"sub-menu\">\n\t<li id=\"menu-item-2940\" class=\"menu-item menu-item-type-post_type menu-item-object-page menu-item-2940\"><a href=\"https:\/\/www.intocast.de\/es\/la-empresa\/\">Resumen<\/a><\/li>\n\t<li id=\"menu-item-2941\" class=\"menu-item menu-item-type-post_type menu-item-object-page menu-item-2941\"><a href=\"https:\/\/www.intocast.de\/es\/la-empresa\/politica-mundial\/\">Pol\u00edtica mundial<\/a><\/li>\n\t<li id=\"menu-item-2942\" class=\"menu-item menu-item-type-post_type menu-item-object-page menu-item-2942\"><a href=\"https:\/\/www.intocast.de\/es\/la-empresa\/investigacion-y-desarrollo\/\">Investigaci\u00f3n y Desarrollo<\/a><\/li>\n\t<li id=\"menu-item-2943\" class=\"menu-item menu-item-type-post_type menu-item-object-page menu-item-2943\"><a href=\"https:\/\/www.intocast.de\/es\/la-empresa\/mineria\/\">Miner\u00eda<\/a><\/li>\n<\/ul>\n<\/li>\n<li id=\"menu-item-2944\" class=\"menu-item menu-item-type-custom menu-item-object-custom menu-item-has-children menu-item-2944\"><a href=\"#\">Productos y aplicaciones<\/a>\n<ul class=\"sub-menu\">\n\t<li id=\"menu-item-3110\" class=\"menu-item menu-item-type-post_type menu-item-object-page menu-item-3110\"><a href=\"https:\/\/www.intocast.de\/es\/productos-y-aplicaciones\/\">Resumen<\/a><\/li>\n\t<li id=\"menu-item-2946\" class=\"menu-item menu-item-type-post_type menu-item-object-page menu-item-has-children menu-item-2946\"><a href=\"https:\/\/www.intocast.de\/es\/productos-y-aplicaciones\/productos-refractarios\/\">Productos refractarios<\/a>\n\t<ul class=\"sub-menu\">\n\t\t<li id=\"menu-item-2947\" class=\"menu-item menu-item-type-post_type menu-item-object-page menu-item-2947\"><a href=\"https:\/\/www.intocast.de\/es\/productos-y-aplicaciones\/productos-refractarios\/acero\/\">Acero<\/a><\/li>\n\t\t<li id=\"menu-item-2948\" class=\"menu-item menu-item-type-post_type menu-item-object-page menu-item-2948\"><a href=\"https:\/\/www.intocast.de\/es\/productos-y-aplicaciones\/productos-refractarios\/tratamiento-termico\/\">Tratamiento t\u00e9rmico<\/a><\/li>\n\t\t<li id=\"menu-item-2949\" class=\"menu-item menu-item-type-post_type menu-item-object-page menu-item-2949\"><a href=\"https:\/\/www.intocast.de\/es\/productos-y-aplicaciones\/productos-refractarios\/fundicion\/\">Fundici\u00f3n<\/a><\/li>\n\t\t<li id=\"menu-item-2950\" class=\"menu-item menu-item-type-post_type menu-item-object-page menu-item-2950\"><a href=\"https:\/\/www.intocast.de\/es\/productos-y-aplicaciones\/productos-refractarios\/alto-horno-y-coqueria\/\">Alto horno y coquer\u00eda<\/a><\/li>\n\t\t<li id=\"menu-item-2951\" class=\"menu-item menu-item-type-post_type menu-item-object-page menu-item-2951\"><a href=\"https:\/\/www.intocast.de\/es\/productos-y-aplicaciones\/productos-refractarios\/cemento-cal-papel\/\">Cemento &#038; Cal, Papel<\/a><\/li>\n\t\t<li id=\"menu-item-2952\" class=\"menu-item menu-item-type-post_type menu-item-object-page menu-item-2952\"><a href=\"https:\/\/www.intocast.de\/es\/productos-y-aplicaciones\/productos-refractarios\/aluminio\/\">Aluminio<\/a><\/li>\n\t\t<li id=\"menu-item-2955\" class=\"menu-item menu-item-type-post_type menu-item-object-page menu-item-2955\"><a href=\"https:\/\/www.intocast.de\/es\/productos-y-aplicaciones\/productos-refractarios\/calderas\/\">Calderas<\/a><\/li>\n\t<\/ul>\n<\/li>\n\t<li id=\"menu-item-2972\" class=\"menu-item menu-item-type-post_type menu-item-object-page menu-item-has-children menu-item-2972\"><a href=\"https:\/\/www.intocast.de\/es\/productos-y-aplicaciones\/auxiliares-de-fundicion\/\">Auxiliares de fundici\u00f3n<\/a>\n\t<ul class=\"sub-menu\">\n\t\t<li id=\"menu-item-2980\" class=\"menu-item menu-item-type-post_type menu-item-object-page menu-item-2980\"><a href=\"https:\/\/www.intocast.de\/es\/productos-y-aplicaciones\/auxiliares-de-fundicion\/colada-continua\/\">Colada continua<\/a><\/li>\n\t\t<li id=\"menu-item-2990\" class=\"menu-item menu-item-type-post_type menu-item-object-page menu-item-2990\"><a href=\"https:\/\/www.intocast.de\/es\/productos-y-aplicaciones\/auxiliares-de-fundicion\/colada-de-lingotes\/\">Colada de lingotes<\/a><\/li>\n\t\t<li id=\"menu-item-2997\" class=\"menu-item menu-item-type-post_type menu-item-object-page menu-item-2997\"><a href=\"https:\/\/www.intocast.de\/es\/productos-y-aplicaciones\/auxiliares-de-fundicion\/aislamientos\/\">Aislamientos<\/a><\/li>\n\t\t<li id=\"menu-item-3008\" class=\"menu-item menu-item-type-post_type menu-item-object-page menu-item-3008\"><a href=\"https:\/\/www.intocast.de\/es\/productos-y-aplicaciones\/auxiliares-de-fundicion\/acondicionamiento-de-escorias\/\">Acondicionamiento de escorias<\/a><\/li>\n\t<\/ul>\n<\/li>\n\t<li id=\"menu-item-3017\" class=\"menu-item menu-item-type-post_type menu-item-object-page menu-item-3017\"><a href=\"https:\/\/www.intocast.de\/es\/productos-y-aplicaciones\/arena-de-cromita\/\">Arena de cromita<\/a><\/li>\n\t<li id=\"menu-item-3025\" class=\"menu-item menu-item-type-post_type menu-item-object-page menu-item-has-children menu-item-3025\"><a href=\"https:\/\/www.intocast.de\/es\/productos-y-aplicaciones\/tecnologia-de-aparatos\/\">Tecnolog\u00eda de aparatos<\/a>\n\t<ul class=\"sub-menu\">\n\t\t<li id=\"menu-item-3038\" class=\"menu-item menu-item-type-post_type menu-item-object-page menu-item-3038\"><a href=\"https:\/\/www.intocast.de\/es\/productos-y-aplicaciones\/tecnologia-de-aparatos\/manipuladores-bof-y-eaf\/\">Manipuladores BOF y EAF<\/a><\/li>\n\t\t<li id=\"menu-item-3049\" class=\"menu-item menu-item-type-post_type menu-item-object-page menu-item-3049\"><a href=\"https:\/\/www.intocast.de\/es\/productos-y-aplicaciones\/tecnologia-de-aparatos\/transportadores-de-granulos-y-polvo\/\">Transportadores de Gr\u00e1nulos y Polvo<\/a><\/li>\n\t\t<li id=\"menu-item-3064\" class=\"menu-item menu-item-type-post_type menu-item-object-page menu-item-3064\"><a href=\"https:\/\/www.intocast.de\/es\/productos-y-aplicaciones\/tecnologia-de-aparatos\/secadero-mapeko\/\">Secadero MAPEKO<\/a><\/li>\n\t\t<li id=\"menu-item-3055\" class=\"menu-item menu-item-type-post_type menu-item-object-page menu-item-3055\"><a href=\"https:\/\/www.intocast.de\/es\/productos-y-aplicaciones\/tecnologia-de-aparatos\/well-filler-feeder\/\">Well Filler Feeder<\/a><\/li>\n\t<\/ul>\n<\/li>\n<\/ul>\n<\/li>\n<li id=\"menu-item-4323\" class=\"menu-item menu-item-type-custom menu-item-object-custom menu-item-has-children menu-item-4323\"><a href=\"#\">Noticias<\/a>\n<ul class=\"sub-menu\">\n\t<li id=\"menu-item-3424\" class=\"menu-item menu-item-type-post_type menu-item-object-page menu-item-3424\"><a href=\"https:\/\/www.intocast.de\/es\/noticias\/\">Resumen<\/a><\/li>\n\t<li id=\"menu-item-4327\" class=\"menu-item menu-item-type-taxonomy menu-item-object-category menu-item-4327\"><a href=\"https:\/\/www.intocast.de\/es\/category\/noticias\/\">Archivo<\/a><\/li>\n<\/ul>\n<\/li>\n<li id=\"menu-item-3330\" class=\"menu-item menu-item-type-post_type menu-item-object-page menu-item-3330\"><a href=\"https:\/\/www.intocast.de\/es\/carrera\/\">Carrera<\/a><\/li>\n<li id=\"menu-item-3084\" class=\"contact menu-item menu-item-type-post_type menu-item-object-page menu-item-3084\"><a href=\"https:\/\/www.intocast.de\/es\/contacto\/\">Contacto<\/a><\/li>\n<\/ul>\n<\/div><\/div><\/div><\/div><\/div><\/div><\/div><\/div><\/div><\/div><\/div><div id=\"pg-3034-2\"  class=\"panel-grid panel-has-style\" ><div class=\"container-1220 panel-row-style panel-row-style-for-3034-2\" ><div id=\"pgc-3034-2-0\"  class=\"panel-grid-cell\" ><div id=\"panel-3034-2-0-0\" class=\"so-panel widget widget_sow-image panel-first-child panel-last-child\" data-index=\"3\" ><div\n\t\t\t\n\t\t\tclass=\"so-widget-sow-image so-widget-sow-image-default-b062fe5d1106-3034\"\n\t\t\t\n\t\t>\n<div class=\"sow-image-container\">\n\t\t<img \n\tsrc=\"https:\/\/www.intocast.de\/wp-content\/uploads\/2023\/03\/into-products-plant-engineering-shooter-evo-III-L.jpg\" width=\"966\" height=\"600\" srcset=\"https:\/\/www.intocast.de\/wp-content\/uploads\/2023\/03\/into-products-plant-engineering-shooter-evo-III-L.jpg 966w, https:\/\/www.intocast.de\/wp-content\/uploads\/2023\/03\/into-products-plant-engineering-shooter-evo-III-L-300x186.jpg 300w, https:\/\/www.intocast.de\/wp-content\/uploads\/2023\/03\/into-products-plant-engineering-shooter-evo-III-L-768x477.jpg 768w\" sizes=\"(max-width: 966px) 100vw, 966px\" title=\"Shooter EVO III-L\" alt=\"Shooter EVO III-L\" \t\tclass=\"so-widget-image\"\/>\n\t<\/div>\n\n<p class=\"widget-title\">Shooter EVO III-L<\/p><\/div><\/div><\/div><\/div><\/div><div id=\"pg-3034-3\"  class=\"panel-grid panel-no-style\" ><div id=\"pgc-3034-3-0\"  class=\"panel-grid-cell\" ><div id=\"panel-3034-3-0-0\" class=\"so-panel widget widget_sow-editor panel-first-child panel-last-child\" data-index=\"4\" ><div\n\t\t\t\n\t\t\tclass=\"so-widget-sow-editor so-widget-sow-editor-base\"\n\t\t\t\n\t\t>\n<div class=\"siteorigin-widget-tinymce textwidget\">\n\t<h1 style=\"text-align: center;\">Nuestros manipuladores m\u00f3viles y fijos<\/h1>\n<\/div>\n<\/div><\/div><\/div><\/div><div id=\"pg-3034-4\"  class=\"panel-grid panel-no-style\" ><div id=\"pgc-3034-4-0\"  class=\"panel-grid-cell\" ><div id=\"panel-3034-4-0-0\" class=\"so-panel widget widget_sow-editor panel-first-child panel-last-child\" data-index=\"5\" ><div\n\t\t\t\n\t\t\tclass=\"so-widget-sow-editor so-widget-sow-editor-base\"\n\t\t\t\n\t\t>\n<div class=\"siteorigin-widget-tinymce textwidget\">\n\t<p><strong>BOF Shooter<\/strong><\/p>\n<p>\u00bfQu\u00e9 le parece \u00abextremadamente \u00e1gil y m\u00f3vil\u00bb? Para el mantenimiento de los convertidores, tenemos en nuestro programa un manipulador de pulverizaci\u00f3n que hace precisamente eso: el BOF Shooter Dragun. Se caracteriza por su reducido radio de giro, su excelente maniobrabilidad, su manejabilidad sencilla pero eficaz y su gran autonom\u00eda. Ajustando la lanza principal, el BOF Shooter tambi\u00e9n puede utilizarse en zonas estrechas.<\/p>\n<p>&nbsp;<\/p>\n<p><strong>Manipulador EAF<\/strong><\/p>\n<p>Nuestros manipuladores EAF tambi\u00e9n convencen como m\u00e1quinas m\u00f3viles para el mantenimiento de materiales refractarios para hornos de arco el\u00e9ctrico, opcionalmente con soporte de gr\u00faa puente o para sistemas estacionarios de robots de pulverizaci\u00f3n. Nuestros manipuladores EAF se adaptan a las condiciones y requisitos del cliente in situ e inspiran un alto rendimiento de material y facilidad de mantenimiento.<\/p>\n<p>&nbsp;<\/p>\n<p><strong>Cuidado de las cucharas<\/strong><\/p>\n<p>Tambi\u00e9n ofrecimos dos variantes diferentes para el cuidado de las cucharas de fundici\u00f3n de acero: Por un lado, ofrecemos un manipulador m\u00f3vil que, al igual que el tirador BOF, es muy maniobrable y se puede utilizar de forma flexible. Por otro lado, se pueden dise\u00f1ar e instalar equipos adaptados de instalaci\u00f3n permanente para el cuidado de cucharas tanto horizontal como vertical.<\/p>\n<\/div>\n<\/div><\/div><\/div><\/div><div id=\"pg-3034-5\"  class=\"panel-grid panel-has-style\" ><div class=\"container-1220 panel-row-style panel-row-style-for-3034-5\" ><div id=\"pgc-3034-5-0\"  class=\"panel-grid-cell\" ><div id=\"panel-3034-5-0-0\" class=\"so-panel widget widget_sow-editor panel-first-child\" data-index=\"6\" ><div\n\t\t\t\n\t\t\tclass=\"so-widget-sow-editor so-widget-sow-editor-base\"\n\t\t\t\n\t\t>\n<div class=\"siteorigin-widget-tinymce textwidget\">\n\t<h2 style=\"text-align: center;\">Nuestros productos y aplicaciones en v\u00eddeo<\/h2>\n<\/div>\n<\/div><\/div><div id=\"panel-3034-5-0-1\" class=\"so-panel widget widget_sow-tabs panel-last-child\" data-index=\"7\" ><div\n\t\t\t\n\t\t\tclass=\"so-widget-sow-tabs so-widget-sow-tabs-default-8564fc0705ea-3034\"\n\t\t\t\n\t\t><div class=\"sow-tabs\">\n\t<div class=\"sow-tabs-tab-container\" role=\"tablist\">\n\t\t\t<div\n\t\t\tclass=\"sow-tabs-tab\n\t\t\t sow-tabs-tab-selected\t\t\t\"\n\t\t\trole=\"tab\"\n\t\t\tdata-anchor-id=\"video-bof-shooter\"\n\t\t\taria-selected=\"true\"\n\t\t\ttabindex=\"0\"\n\t\t>\n\t\t\t<div class=\"sow-tabs-title sow-tabs-title-icon-left\">\n\t\t\t\t\t\t\t\tVideo: BOF Shooter\t\t\t\t\t\t\t<\/div>\n\t\t<\/div>\n\t\t\t<div\n\t\t\tclass=\"sow-tabs-tab\n\t\t\t\t\t\t\"\n\t\t\trole=\"tab\"\n\t\t\tdata-anchor-id=\"video-ladle-maintenance\"\n\t\t\taria-selected=\"false\"\n\t\t\ttabindex=\"0\"\n\t\t>\n\t\t\t<div class=\"sow-tabs-title sow-tabs-title-icon-left\">\n\t\t\t\t\t\t\t\tVideo: Ladle Maintenance\t\t\t\t\t\t\t<\/div>\n\t\t<\/div>\n\t\t<\/div>\n\n\t<div class=\"sow-tabs-panel-container\">\n\t\t\t<div class=\"sow-tabs-panel\">\n\t\t\t<div\n\t\t\t\tclass=\"sow-tabs-panel-content\"\n\t\t\t\trole=\"tabpanel\"\n\t\t\t\taria-hidden=\"false\"\n\t\t\t>\n\t\t\t\t<div id=\"pl-w2cc4a6a3\"  class=\"panel-layout\" ><div id=\"pg-w2cc4a6a3-0\"  class=\"panel-grid panel-has-style\" ><div class=\"panel-row-style panel-row-style-for-w2cc4a6a3-0\" ><div id=\"pgc-w2cc4a6a3-0-0\"  class=\"panel-grid-cell\" ><div id=\"panel-w2cc4a6a3-0-0-0\" class=\"so-panel widget widget_sow-video panel-first-child panel-last-child\" data-index=\"0\" ><div class=\"panel-widget-style panel-widget-style-for-w2cc4a6a3-0-0-0\" ><div\n\t\t\t\n\t\t\tclass=\"so-widget-sow-video so-widget-sow-video-default-f379b959fc93\"\n\t\t\t\n\t\t>\n<div class=\"sow-video-wrapper\n use-fitvids\">\n\t\t\t<video\n\t\t\tid=\"sow-player-1\" class=\"sow-video-widget\" preload=\"auto\" style=\"width:100%;height:100%;\" poster=\"https:\/\/www.intocast.de\/wp-content\/uploads\/2023\/03\/Thumbnail-Video-4-BOF-Shooter.png\" controls \t\t>\n\t\t\t\t\t\t\t<source type=\"video\/mp4\" src=\"https:\/\/www.intocast.de\/wp-content\/uploads\/2025\/11\/INTOCAST_BOF-Shooter.mp4\"\/>\n\t\t\t\t\t<\/video>\n\t<\/div>\n<\/div><\/div><\/div><\/div><\/div><\/div><\/div>\t\t\t<\/div>\n\t\t<\/div>\n\t\t\t<div class=\"sow-tabs-panel\">\n\t\t\t<div\n\t\t\t\tclass=\"sow-tabs-panel-content\"\n\t\t\t\trole=\"tabpanel\"\n\t\t\t\taria-hidden=\"true\"\n\t\t\t>\n\t\t\t\t<div id=\"pl-w3c6013d0\"  class=\"panel-layout\" ><div id=\"pg-w3c6013d0-0\"  class=\"panel-grid panel-has-style\" ><div class=\"panel-row-style panel-row-style-for-w3c6013d0-0\" ><div id=\"pgc-w3c6013d0-0-0\"  class=\"panel-grid-cell\" ><div id=\"panel-w3c6013d0-0-0-0\" class=\"so-panel widget widget_sow-video panel-first-child panel-last-child\" data-index=\"0\" ><div class=\"panel-widget-style panel-widget-style-for-w3c6013d0-0-0-0\" ><div\n\t\t\t\n\t\t\tclass=\"so-widget-sow-video so-widget-sow-video-default-f379b959fc93\"\n\t\t\t\n\t\t>\n<div class=\"sow-video-wrapper\n use-fitvids\">\n\t\t\t<video\n\t\t\tid=\"sow-player-2\" class=\"sow-video-widget\" preload=\"auto\" style=\"width:100%;height:100%;\" poster=\"https:\/\/www.intocast.de\/wp-content\/uploads\/2023\/03\/Thumbnail-Video-5-Ladle-Maintenance.png\" controls \t\t>\n\t\t\t\t\t\t\t<source type=\"video\/mp4\" src=\"https:\/\/www.intocast.de\/wp-content\/uploads\/2025\/11\/INTOCAST_Ladle-Maintenance.mp4\"\/>\n\t\t\t\t\t<\/video>\n\t<\/div>\n<\/div><\/div><\/div><\/div><\/div><\/div><\/div>\t\t\t<\/div>\n\t\t<\/div>\n\t\t<\/div>\n<\/div>\n<\/div><\/div><\/div><\/div><\/div><\/div>","protected":false},"excerpt":{"rendered":"<p>Home La empresa Resumen Pol\u00edtica mundial Investigaci\u00f3n y Desarrollo Miner\u00eda Productos y aplicaciones Resumen Productos refractarios Acero Tratamiento t\u00e9rmico Fundici\u00f3n Alto horno y coquer\u00eda Cemento &#038; Cal, Papel Aluminio Calderas Auxiliares de fundici\u00f3n Colada continua Colada de lingotes Aislamientos Acondicionamiento de escorias Arena de cromita Tecnolog\u00eda de aparatos Manipuladores BOF y EAF Transportadores de Gr\u00e1nulos &#8230;<\/p>\n","protected":false},"author":1,"featured_media":0,"parent":3021,"menu_order":0,"comment_status":"closed","ping_status":"closed","template":"","meta":{"footnotes":""},"class_list":["post-3034","page","type-page","status-publish"],"_links":{"self":[{"href":"https:\/\/www.intocast.de\/es\/wp-json\/wp\/v2\/pages\/3034","targetHints":{"allow":["GET"]}}],"collection":[{"href":"https:\/\/www.intocast.de\/es\/wp-json\/wp\/v2\/pages"}],"about":[{"href":"https:\/\/www.intocast.de\/es\/wp-json\/wp\/v2\/types\/page"}],"author":[{"embeddable":true,"href":"https:\/\/www.intocast.de\/es\/wp-json\/wp\/v2\/users\/1"}],"replies":[{"embeddable":true,"href":"https:\/\/www.intocast.de\/es\/wp-json\/wp\/v2\/comments?post=3034"}],"version-history":[{"count":20,"href":"https:\/\/www.intocast.de\/es\/wp-json\/wp\/v2\/pages\/3034\/revisions"}],"predecessor-version":[{"id":7254,"href":"https:\/\/www.intocast.de\/es\/wp-json\/wp\/v2\/pages\/3034\/revisions\/7254"}],"up":[{"embeddable":true,"href":"https:\/\/www.intocast.de\/es\/wp-json\/wp\/v2\/pages\/3021"}],"wp:attachment":[{"href":"https:\/\/www.intocast.de\/es\/wp-json\/wp\/v2\/media?parent=3034"}],"curies":[{"name":"wp","href":"https:\/\/api.w.org\/{rel}","templated":true}]}}