{"id":3312,"date":"2023-03-15T14:21:41","date_gmt":"2023-03-15T13:21:41","guid":{"rendered":"https:\/\/www.intocast.de\/karriere\/"},"modified":"2023-11-03T15:49:34","modified_gmt":"2023-11-03T14:49:34","slug":"carrera","status":"publish","type":"page","link":"https:\/\/www.intocast.de\/es\/carrera\/","title":{"rendered":"Carrera"},"content":{"rendered":"<div id=\"pl-3312\"  class=\"panel-layout\" ><div id=\"pg-3312-0\"  class=\"panel-grid panel-has-style\" ><div class=\"slider-top siteorigin-panels-stretch panel-row-style panel-row-style-for-3312-0\" data-stretch-type=\"full-stretched\" ><div id=\"pgc-3312-0-0\"  class=\"panel-grid-cell\" ><div id=\"panel-3312-0-0-0\" class=\"so-panel widget widget_sow-anything-carousel panel-first-child\" data-index=\"0\" ><div\n\t\t\t\n\t\t\tclass=\"so-widget-sow-anything-carousel so-widget-sow-anything-carousel-base-7651c3726688-3312\"\n\t\t\t\n\t\t><div class=\"sow-carousel-title\">\n\t<\/div>\n\n<div class=\"sow-carousel-container \">\n\t\t\t<div class=\"sow-carousel-navigation sow-carousel-navigation-prev \">\n\t\t\t\t\t\t<a href=\"#\" class=\"sow-carousel-previous\" title=\"Anterior\" aria-label=\"Entradas anteriores\" role=\"button\"><\/a>\n\t\t\t\t\t<\/div>\n\t\t<div class=\"sow-carousel-wrapper\"\n\t\tdata-dir=\"ltr\"\n\t\tstyle=\"opacity: 0;\"\n\t\tdata-widget=\"anything\" data-item_count=\"1\" data-loop=\"\" data-carousel_settings=\"{&quot;loop&quot;:true,&quot;dots&quot;:true,&quot;animation&quot;:&quot;ease&quot;,&quot;animation_speed&quot;:1500,&quot;autoplay&quot;:true,&quot;pauseOnHover&quot;:true,&quot;autoplaySpeed&quot;:5000,&quot;item_overflow&quot;:false,&quot;adaptive_height&quot;:false}\" data-responsive=\"{&quot;desktop_slides_to_scroll&quot;:1,&quot;tablet_landscape_breakpoint&quot;:1366,&quot;tablet_landscape_slides_to_scroll&quot;:1,&quot;tablet_portrait_breakpoint&quot;:1025,&quot;tablet_portrait_slides_to_scroll&quot;:1,&quot;mobile_breakpoint&quot;:480,&quot;mobile_slides_to_scroll&quot;:1,&quot;desktop_slides_to_show&quot;:1,&quot;tablet_landscape_slides_to_show&quot;:1,&quot;tablet_portrait_slides_to_show&quot;:1,&quot;mobile_slides_to_show&quot;:1}\" \t>\n\t\t<div\n\t\t\tclass=\"sow-carousel-items\"\n\t\t\t\t\t>\n\t\t\t\t<div class=\"sow-carousel-item\" tabindex=\"-1\">\n\t\t\n\t\t<div class=\"sow-carousel-content\">\n\t\t\t<div id=\"pl-wfafaea3c\"  class=\"panel-layout\" ><div id=\"pg-wfafaea3c-0\"  class=\"panel-grid panel-no-style\" ><div id=\"pgc-wfafaea3c-0-0\"  class=\"panel-grid-cell\" ><div id=\"panel-wfafaea3c-0-0-0\" class=\"so-panel widget widget_sow-image panel-first-child panel-last-child\" data-index=\"0\" ><div class=\"panel-widget-style panel-widget-style-for-wfafaea3c-0-0-0\" ><div\n\t\t\t\n\t\t\tclass=\"so-widget-sow-image so-widget-sow-image-default-dbf295114b96\"\n\t\t\t\n\t\t>\n<div class=\"sow-image-container\">\n\t\t<img \n\tsrc=\"https:\/\/www.intocast.de\/wp-content\/uploads\/2023\/03\/Wordpicture_We_Are_Hiring_Desktop_02.png\" width=\"2560\" height=\"666\" srcset=\"https:\/\/www.intocast.de\/wp-content\/uploads\/2023\/03\/Wordpicture_We_Are_Hiring_Desktop_02.png 2560w, https:\/\/www.intocast.de\/wp-content\/uploads\/2023\/03\/Wordpicture_We_Are_Hiring_Desktop_02-300x78.png 300w, https:\/\/www.intocast.de\/wp-content\/uploads\/2023\/03\/Wordpicture_We_Are_Hiring_Desktop_02-1024x266.png 1024w, https:\/\/www.intocast.de\/wp-content\/uploads\/2023\/03\/Wordpicture_We_Are_Hiring_Desktop_02-768x200.png 768w, https:\/\/www.intocast.de\/wp-content\/uploads\/2023\/03\/Wordpicture_We_Are_Hiring_Desktop_02-1536x400.png 1536w, https:\/\/www.intocast.de\/wp-content\/uploads\/2023\/03\/Wordpicture_We_Are_Hiring_Desktop_02-2048x533.png 2048w\" sizes=\"(max-width: 2560px) 100vw, 2560px\" alt=\"\" \t\tclass=\"so-widget-image\"\/>\n\t<\/div>\n\n<\/div><\/div><\/div><\/div><\/div><\/div>\t\t<\/div>\n\t<\/div>\n\t\t\t<\/div>\n\t\t\t<\/div>\n\n\t\t\t<div class=\"sow-carousel-navigation sow-carousel-navigation-next \">\n\t\t\t\t\t\t<a href=\"#\" class=\"sow-carousel-next\" title=\"Siguiente\" aria-label=\"Entradas siguientes\" role=\"button\"><\/a>\n\t\t\t\t\t<\/div>\n\t<\/div>\n<\/div><\/div><div id=\"panel-3312-0-0-1\" class=\"so-panel widget widget_sow-anything-carousel panel-last-child\" data-index=\"1\" ><div\n\t\t\t\n\t\t\tclass=\"so-widget-sow-anything-carousel so-widget-sow-anything-carousel-base-7651c3726688-3312\"\n\t\t\t\n\t\t><div class=\"sow-carousel-title\">\n\t<\/div>\n\n<div class=\"sow-carousel-container \">\n\t\t\t<div class=\"sow-carousel-navigation sow-carousel-navigation-prev \">\n\t\t\t\t\t\t<a href=\"#\" class=\"sow-carousel-previous\" title=\"Anterior\" aria-label=\"Entradas anteriores\" role=\"button\"><\/a>\n\t\t\t\t\t<\/div>\n\t\t<div class=\"sow-carousel-wrapper\"\n\t\tdata-dir=\"ltr\"\n\t\tstyle=\"opacity: 0;\"\n\t\tdata-widget=\"anything\" data-item_count=\"1\" data-loop=\"\" data-carousel_settings=\"{&quot;loop&quot;:true,&quot;dots&quot;:true,&quot;animation&quot;:&quot;ease&quot;,&quot;animation_speed&quot;:1500,&quot;autoplay&quot;:true,&quot;pauseOnHover&quot;:true,&quot;autoplaySpeed&quot;:5000,&quot;item_overflow&quot;:false,&quot;adaptive_height&quot;:false}\" data-responsive=\"{&quot;desktop_slides_to_scroll&quot;:1,&quot;tablet_landscape_breakpoint&quot;:1366,&quot;tablet_landscape_slides_to_scroll&quot;:1,&quot;tablet_portrait_breakpoint&quot;:1025,&quot;tablet_portrait_slides_to_scroll&quot;:1,&quot;mobile_breakpoint&quot;:480,&quot;mobile_slides_to_scroll&quot;:1,&quot;desktop_slides_to_show&quot;:1,&quot;tablet_landscape_slides_to_show&quot;:1,&quot;tablet_portrait_slides_to_show&quot;:1,&quot;mobile_slides_to_show&quot;:1}\" \t>\n\t\t<div\n\t\t\tclass=\"sow-carousel-items\"\n\t\t\t\t\t>\n\t\t\t\t<div class=\"sow-carousel-item\" tabindex=\"-1\">\n\t\t\n\t\t<div class=\"sow-carousel-content\">\n\t\t\t<div id=\"pl-w4b56d992\"  class=\"panel-layout\" ><div id=\"pg-w4b56d992-0\"  class=\"panel-grid panel-no-style\" ><div id=\"pgc-w4b56d992-0-0\"  class=\"panel-grid-cell\" ><div id=\"panel-w4b56d992-0-0-0\" class=\"so-panel widget widget_sow-image panel-first-child panel-last-child\" data-index=\"0\" ><div class=\"panel-widget-style panel-widget-style-for-w4b56d992-0-0-0\" ><div\n\t\t\t\n\t\t\tclass=\"so-widget-sow-image so-widget-sow-image-default-8b5b6f678277\"\n\t\t\t\n\t\t>\n<div class=\"sow-image-container\">\n\t\t<img \n\tsrc=\"https:\/\/www.intocast.de\/wp-content\/uploads\/2023\/03\/Wordpicture_We_Are_Hiring_mobile-1.png\" width=\"780\" height=\"600\" srcset=\"https:\/\/www.intocast.de\/wp-content\/uploads\/2023\/03\/Wordpicture_We_Are_Hiring_mobile-1.png 780w, https:\/\/www.intocast.de\/wp-content\/uploads\/2023\/03\/Wordpicture_We_Are_Hiring_mobile-1-300x231.png 300w, https:\/\/www.intocast.de\/wp-content\/uploads\/2023\/03\/Wordpicture_We_Are_Hiring_mobile-1-768x591.png 768w\" sizes=\"(max-width: 780px) 100vw, 780px\" title=\"Wordpicture_We_Are_Hiring_mobile\" alt=\"\" \t\tclass=\"so-widget-image\"\/>\n\t<\/div>\n\n<\/div><\/div><\/div><\/div><\/div><\/div>\t\t<\/div>\n\t<\/div>\n\t\t\t<\/div>\n\t\t\t<\/div>\n\n\t\t\t<div class=\"sow-carousel-navigation sow-carousel-navigation-next \">\n\t\t\t\t\t\t<a href=\"#\" class=\"sow-carousel-next\" title=\"Siguiente\" aria-label=\"Entradas siguientes\" role=\"button\"><\/a>\n\t\t\t\t\t<\/div>\n\t<\/div>\n<\/div><\/div><\/div><\/div><\/div><div id=\"pg-3312-1\"  class=\"panel-grid panel-no-style\" ><div id=\"pgc-3312-1-0\"  class=\"panel-grid-cell\" ><div id=\"panel-3312-1-0-0\" class=\"so-panel widget widget_text panel-first-child panel-last-child\" data-index=\"2\" >\t\t\t<div class=\"textwidget\"><p>\u00bfLe apasiona su trabajo, le entusiasman nuestra empresa y nuestros productos y le gusta trabajar en un equipo innovador? Entonces, \u00a1ha venido al lugar adecuado! Inf\u00f3rmese aqu\u00ed sobre las posibilidades de acceso a INTOCAST AG. Si tiene un objetivo profesional claro en mente, una cualificaci\u00f3n especial que ofrecer o el deseo de realizar unas pr\u00e1cticas, estaremos encantados de aceptar su solicitud y examinarla en relaci\u00f3n con las vacantes disponibles.<\/p>\n<p>INTOCAST AG ofrece formaci\u00f3n en profesiones tanto t\u00e9cnicas como comerciales. Para m\u00e1s informaci\u00f3n, p\u00f3ngase en contacto con nuestro departamento de RRHH en <a href=\"mailto:human.resources@intocast.de\">human.resources@intocast.de<\/a>.<\/p>\n<p>Nuestros socios del GROUP OF EXPERTS INTOCAST tambi\u00e9n est\u00e1n siempre a la b\u00fasqueda de empleados cualificados. Encuentre ahora su empleo en una de nuestras empresas. Estaremos encantados de conocerle.<\/p>\n<\/div>\n\t\t<\/div><\/div><\/div><div id=\"pg-3312-2\"  class=\"panel-grid panel-no-style\" ><div id=\"pgc-3312-2-0\"  class=\"panel-grid-cell\" ><div id=\"panel-3312-2-0-0\" class=\"widget_text so-panel widget widget_custom_html panel-first-child panel-last-child\" data-index=\"3\" ><div class=\"widget_text affix-wrapper panel-widget-style panel-widget-style-for-3312-2-0-0\" ><div class=\"textwidget custom-html-widget\"><div id=\"affix\">\n<ul class=\"menu\">\n<li><a href=\"\/carrera\">Carrera<\/a><\/li>\n<\/ul>\n<\/div><\/div><\/div><\/div><\/div><\/div><div id=\"pg-3312-4\"  class=\"panel-grid panel-no-style\" ><div id=\"pgc-3312-4-0\"  class=\"panel-grid-cell\" ><div id=\"panel-3312-4-0-0\" class=\"so-panel widget widget_siteorigin-panels-postloop panel-first-child panel-last-child\" data-index=\"5\" ><article class=\"post-6890 intocast_career type-intocast_career status-publish has-post-thumbnail\">\r\n\r\n\t<div class=\"entry-box clearfix jobs\">\r\n\r\n\t\t            <a href=\"https:\/\/www.intocast.de\/es\/carrera\/part-time-position-tax-assistant-to-the-financial-manager\/\" title=\"Part-time Position: Tax Assistant to the Financial Manager\" class=\"news-content-holder\">\r\n                <div class=\"news-image-wrapper\">\r\n                    <img loading=\"lazy\" decoding=\"async\" width=\"960\" height=\"480\" src=\"https:\/\/www.intocast.de\/wp-content\/uploads\/2025\/05\/Experts_On_fire_Web_Tax-Assistant_ENG.jpg\" class=\"thumbnail wp-post-image\" alt=\"\" srcset=\"https:\/\/www.intocast.de\/wp-content\/uploads\/2025\/05\/Experts_On_fire_Web_Tax-Assistant_ENG.jpg 960w, https:\/\/www.intocast.de\/wp-content\/uploads\/2025\/05\/Experts_On_fire_Web_Tax-Assistant_ENG-300x150.jpg 300w, https:\/\/www.intocast.de\/wp-content\/uploads\/2025\/05\/Experts_On_fire_Web_Tax-Assistant_ENG-150x75.jpg 150w, https:\/\/www.intocast.de\/wp-content\/uploads\/2025\/05\/Experts_On_fire_Web_Tax-Assistant_ENG-768x384.jpg 768w\" sizes=\"auto, (max-width: 960px) 100vw, 960px\" \/>\t\t\r\n                <\/div>\r\n                <div class=\"news-content-wrapper\">\r\n                                        <h2>Part-time Position: Tax Assistant to the Financial Manager<\/h2>\r\n                    <p>(M\/F\/D) Location: Ratingen 15\u201320 hours\/week &nbsp; Who are we? INTOCAST AG, founded in 1979, is a globally active company in the refractory industry. With around 280 employees across Germany and various subsidiaries, we manufacture and market a wide range of shaped and unshaped refractory products, casting aids, and metallurgical additives. Our solutions are essential in &#8230;<\/p>\n <span class=\"read-more\">M\u00e1s<\/span>\r\n                <\/div>\r\n            <\/a>\r\n        \r\n\t<\/div> \r\n<\/article><article class=\"post-7147 intocast_career type-intocast_career status-publish has-post-thumbnail\">\r\n\r\n\t<div class=\"entry-box clearfix jobs\">\r\n\r\n\t\t            <a href=\"https:\/\/www.intocast.de\/es\/carrera\/full-time-position-as-environmental-health-safety-management-specialist\/\" title=\"Full-time Position as Environmental Health &#038; Safety Management Specialist\" class=\"news-content-holder\">\r\n                <div class=\"news-image-wrapper\">\r\n                    <img loading=\"lazy\" decoding=\"async\" width=\"960\" height=\"480\" src=\"https:\/\/www.intocast.de\/wp-content\/uploads\/2025\/10\/You_Are_The_Experts_HealthSafety.jpg\" class=\"thumbnail wp-post-image\" alt=\"\" srcset=\"https:\/\/www.intocast.de\/wp-content\/uploads\/2025\/10\/You_Are_The_Experts_HealthSafety.jpg 960w, https:\/\/www.intocast.de\/wp-content\/uploads\/2025\/10\/You_Are_The_Experts_HealthSafety-300x150.jpg 300w, https:\/\/www.intocast.de\/wp-content\/uploads\/2025\/10\/You_Are_The_Experts_HealthSafety-150x75.jpg 150w, https:\/\/www.intocast.de\/wp-content\/uploads\/2025\/10\/You_Are_The_Experts_HealthSafety-768x384.jpg 768w\" sizes=\"auto, (max-width: 960px) 100vw, 960px\" \/>\t\t\r\n                <\/div>\r\n                <div class=\"news-content-wrapper\">\r\n                                        <h2>Full-time Position as Environmental Health &#038; Safety Management Specialist<\/h2>\r\n                    <p>We are currently looking for a new team member (m\/f\/d) to join us as soon as possible and offer a full-time position as Environmental Health &#038; Safety Management Specialist (m\/f\/d) at our Oberhausen site.<\/p>\n <span class=\"read-more\">M\u00e1s<\/span>\r\n                <\/div>\r\n            <\/a>\r\n        \r\n\t<\/div> \r\n<\/article><article class=\"post-7102 intocast_career type-intocast_career status-publish has-post-thumbnail\">\r\n\r\n\t<div class=\"entry-box clearfix jobs\">\r\n\r\n\t\t            <a href=\"https:\/\/www.intocast.de\/es\/carrera\/production-employee-for-shift-work\/\" title=\"Production Employee for Shift Work\" class=\"news-content-holder\">\r\n                <div class=\"news-image-wrapper\">\r\n                    <img loading=\"lazy\" decoding=\"async\" width=\"960\" height=\"480\" src=\"https:\/\/www.intocast.de\/wp-content\/uploads\/2025\/09\/Experts_Production_Web.jpg\" class=\"thumbnail wp-post-image\" alt=\"\" srcset=\"https:\/\/www.intocast.de\/wp-content\/uploads\/2025\/09\/Experts_Production_Web.jpg 960w, https:\/\/www.intocast.de\/wp-content\/uploads\/2025\/09\/Experts_Production_Web-300x150.jpg 300w, https:\/\/www.intocast.de\/wp-content\/uploads\/2025\/09\/Experts_Production_Web-150x75.jpg 150w, https:\/\/www.intocast.de\/wp-content\/uploads\/2025\/09\/Experts_Production_Web-768x384.jpg 768w\" sizes=\"auto, (max-width: 960px) 100vw, 960px\" \/>\t\t\r\n                <\/div>\r\n                <div class=\"news-content-wrapper\">\r\n                                        <h2>Production Employee for Shift Work<\/h2>\r\n                    <p>Join ALSICAL \u2013 part of the INTOCAST Group \u2013 a medium-sized company with over 30 years of experience in producing high-quality granulated casting auxiliaries. We are looking for motivated and skilled individuals to operate machinery, support maintenance tasks, and contribute to our growing production team.<\/p>\n <span class=\"read-more\">M\u00e1s<\/span>\r\n                <\/div>\r\n            <\/a>\r\n        \r\n\t<\/div> \r\n<\/article><article class=\"post-6831 intocast_career type-intocast_career status-publish has-post-thumbnail\">\r\n\r\n\t<div class=\"entry-box clearfix jobs\">\r\n\r\n\t\t            <a href=\"https:\/\/www.intocast.de\/es\/carrera\/full-time-quality-control-employee\/\" title=\"Full-time Quality Control employee\" class=\"news-content-holder\">\r\n                <div class=\"news-image-wrapper\">\r\n                    <img loading=\"lazy\" decoding=\"async\" width=\"960\" height=\"480\" src=\"https:\/\/www.intocast.de\/wp-content\/uploads\/2025\/04\/You_Are_The_Experts_Eng_Quality_Control.jpg\" class=\"thumbnail wp-post-image\" alt=\"\" srcset=\"https:\/\/www.intocast.de\/wp-content\/uploads\/2025\/04\/You_Are_The_Experts_Eng_Quality_Control.jpg 960w, https:\/\/www.intocast.de\/wp-content\/uploads\/2025\/04\/You_Are_The_Experts_Eng_Quality_Control-300x150.jpg 300w, https:\/\/www.intocast.de\/wp-content\/uploads\/2025\/04\/You_Are_The_Experts_Eng_Quality_Control-150x75.jpg 150w, https:\/\/www.intocast.de\/wp-content\/uploads\/2025\/04\/You_Are_The_Experts_Eng_Quality_Control-768x384.jpg 768w\" sizes=\"auto, (max-width: 960px) 100vw, 960px\" \/>\t\t\r\n                <\/div>\r\n                <div class=\"news-content-wrapper\">\r\n                                        <h2>Full-time Quality Control employee<\/h2>\r\n                    <p>Join INTOCAST AG in Ratingen as a Full-time Quality Control Employee (m\/f\/d) and become part of a global leader in refractory products for the steel industry.<\/p>\n <span class=\"read-more\">M\u00e1s<\/span>\r\n                <\/div>\r\n            <\/a>\r\n        \r\n\t<\/div> \r\n<\/article><article class=\"post-6373 intocast_career type-intocast_career status-publish has-post-thumbnail\">\r\n\r\n\t<div class=\"entry-box clearfix jobs\">\r\n\r\n\t\t            <a href=\"https:\/\/www.intocast.de\/es\/carrera\/full-time-mechatronics-technician\/\" title=\"Full-Time Mechatronics Technician\" class=\"news-content-holder\">\r\n                <div class=\"news-image-wrapper\">\r\n                    <img loading=\"lazy\" decoding=\"async\" width=\"960\" height=\"480\" src=\"https:\/\/www.intocast.de\/wp-content\/uploads\/2024\/08\/You_Are_The_Experts_Eng.jpg\" class=\"thumbnail wp-post-image\" alt=\"\" srcset=\"https:\/\/www.intocast.de\/wp-content\/uploads\/2024\/08\/You_Are_The_Experts_Eng.jpg 960w, https:\/\/www.intocast.de\/wp-content\/uploads\/2024\/08\/You_Are_The_Experts_Eng-300x150.jpg 300w, https:\/\/www.intocast.de\/wp-content\/uploads\/2024\/08\/You_Are_The_Experts_Eng-150x75.jpg 150w, https:\/\/www.intocast.de\/wp-content\/uploads\/2024\/08\/You_Are_The_Experts_Eng-768x384.jpg 768w\" sizes=\"auto, (max-width: 960px) 100vw, 960px\" \/>\t\t\r\n                <\/div>\r\n                <div class=\"news-content-wrapper\">\r\n                                        <h2>Full-Time Mechatronics Technician<\/h2>\r\n                    <p>We are looking for a full-time Mechatronics Technician (m\/f\/d) for our production site in Duisburg.<\/p>\n <span class=\"read-more\">M\u00e1s<\/span>\r\n                <\/div>\r\n            <\/a>\r\n        \r\n\t<\/div> \r\n<\/article><article class=\"post-5911 intocast_career type-intocast_career status-publish has-post-thumbnail\">\r\n\r\n\t<div class=\"entry-box clearfix jobs\">\r\n\r\n\t\t            <a href=\"https:\/\/www.intocast.de\/es\/carrera\/full-time-electronics-technician-for-automation-technology\/\" title=\"FULL-TIME ELECTRONICS TECHNICIAN FOR AUTOMATION TECHNOLOGY\" class=\"news-content-holder\">\r\n                <div class=\"news-image-wrapper\">\r\n                    <img loading=\"lazy\" decoding=\"async\" width=\"960\" height=\"480\" src=\"https:\/\/www.intocast.de\/wp-content\/uploads\/2024\/04\/Experten_Electronics-Technician_Web.jpg\" class=\"thumbnail wp-post-image\" alt=\"\" srcset=\"https:\/\/www.intocast.de\/wp-content\/uploads\/2024\/04\/Experten_Electronics-Technician_Web.jpg 960w, https:\/\/www.intocast.de\/wp-content\/uploads\/2024\/04\/Experten_Electronics-Technician_Web-300x150.jpg 300w, https:\/\/www.intocast.de\/wp-content\/uploads\/2024\/04\/Experten_Electronics-Technician_Web-150x75.jpg 150w, https:\/\/www.intocast.de\/wp-content\/uploads\/2024\/04\/Experten_Electronics-Technician_Web-768x384.jpg 768w\" sizes=\"auto, (max-width: 960px) 100vw, 960px\" \/>\t\t\r\n                <\/div>\r\n                <div class=\"news-content-wrapper\">\r\n                                        <h2>FULL-TIME ELECTRONICS TECHNICIAN FOR AUTOMATION TECHNOLOGY<\/h2>\r\n                    <p>We are looking for well-trained support for our production site in Ratingen in order to be able to meet the growing demand from global customers with the highest quality.<\/p>\n <span class=\"read-more\">M\u00e1s<\/span>\r\n                <\/div>\r\n            <\/a>\r\n        \r\n\t<\/div> \r\n<\/article><\/div><\/div><\/div><\/div>","protected":false},"excerpt":{"rendered":"<p>\u00bfLe apasiona su trabajo, le entusiasman nuestra empresa y nuestros productos y le gusta trabajar en un equipo innovador? Entonces, \u00a1ha venido al lugar adecuado! Inf\u00f3rmese aqu\u00ed sobre las posibilidades de acceso a INTOCAST AG. Si tiene un objetivo profesional claro en mente, una cualificaci\u00f3n especial que ofrecer o el deseo de realizar unas pr\u00e1cticas, &#8230;<\/p>\n","protected":false},"author":1,"featured_media":0,"parent":0,"menu_order":0,"comment_status":"closed","ping_status":"closed","template":"page-career.php","meta":{"footnotes":""},"class_list":["post-3312","page","type-page","status-publish"],"_links":{"self":[{"href":"https:\/\/www.intocast.de\/es\/wp-json\/wp\/v2\/pages\/3312","targetHints":{"allow":["GET"]}}],"collection":[{"href":"https:\/\/www.intocast.de\/es\/wp-json\/wp\/v2\/pages"}],"about":[{"href":"https:\/\/www.intocast.de\/es\/wp-json\/wp\/v2\/types\/page"}],"author":[{"embeddable":true,"href":"https:\/\/www.intocast.de\/es\/wp-json\/wp\/v2\/users\/1"}],"replies":[{"embeddable":true,"href":"https:\/\/www.intocast.de\/es\/wp-json\/wp\/v2\/comments?post=3312"}],"version-history":[{"count":12,"href":"https:\/\/www.intocast.de\/es\/wp-json\/wp\/v2\/pages\/3312\/revisions"}],"predecessor-version":[{"id":4816,"href":"https:\/\/www.intocast.de\/es\/wp-json\/wp\/v2\/pages\/3312\/revisions\/4816"}],"wp:attachment":[{"href":"https:\/\/www.intocast.de\/es\/wp-json\/wp\/v2\/media?parent=3312"}],"curies":[{"name":"wp","href":"https:\/\/api.w.org\/{rel}","templated":true}]}}